{"id":170,"date":"2019-05-13T11:23:20","date_gmt":"2019-05-13T09:23:20","guid":{"rendered":"https:\/\/www.timinox.com\/?page_id=170"},"modified":"2021-10-07T13:59:52","modified_gmt":"2021-10-07T11:59:52","slug":"tim-inox-escaliers","status":"publish","type":"page","link":"https:\/\/www.timinox.com\/tim-inox-accueil\/tim-inox-escaliers\/","title":{"rendered":"Escaliers"},"content":{"rendered":"\t\t<div data-elementor-type=\"wp-post\" data-elementor-id=\"170\" class=\"elementor elementor-170\">\n\t\t\t\t\t\t<section class=\"elementor-section elementor-top-section elementor-element elementor-element-2cc637d elementor-section-boxed elementor-section-height-default elementor-section-height-default\" data-id=\"2cc637d\" data-element_type=\"section\" data-e-type=\"section\">\n\t\t\t\t\t\t<div class=\"elementor-container elementor-column-gap-default\">\n\t\t\t\t\t<div class=\"elementor-column elementor-col-100 elementor-top-column elementor-element elementor-element-8d2051d\" data-id=\"8d2051d\" data-element_type=\"column\" data-e-type=\"column\">\n\t\t\t<div class=\"elementor-widget-wrap elementor-element-populated\">\n\t\t\t\t\t\t<div class=\"elementor-element elementor-element-286e491 elementor-widget elementor-widget-heading\" data-id=\"286e491\" data-element_type=\"widget\" data-e-type=\"widget\" data-widget_type=\"heading.default\">\n\t\t\t\t<div class=\"elementor-widget-container\">\n\t\t\t\t\t<h1 class=\"elementor-heading-title elementor-size-default\">Escaliers design<\/h1>\t\t\t\t<\/div>\n\t\t\t\t<\/div>\n\t\t\t\t\t<\/div>\n\t\t<\/div>\n\t\t\t\t\t<\/div>\n\t\t<\/section>\n\t\t\t\t<section class=\"elementor-section elementor-top-section elementor-element elementor-element-80ec800 elementor-section-boxed elementor-section-height-default elementor-section-height-default\" data-id=\"80ec800\" data-element_type=\"section\" data-e-type=\"section\">\n\t\t\t\t\t\t<div class=\"elementor-container elementor-column-gap-default\">\n\t\t\t\t\t<div class=\"elementor-column elementor-col-100 elementor-top-column elementor-element elementor-element-01c0aaa\" data-id=\"01c0aaa\" data-element_type=\"column\" data-e-type=\"column\">\n\t\t\t<div class=\"elementor-widget-wrap elementor-element-populated\">\n\t\t\t\t\t\t<div class=\"elementor-element elementor-element-f2f978e elementor-widget elementor-widget-text-editor\" data-id=\"f2f978e\" data-element_type=\"widget\" data-e-type=\"widget\" data-widget_type=\"text-editor.default\">\n\t\t\t\t<div class=\"elementor-widget-container\">\n\t\t\t\t\t\t\t\t\t<p>Un escalier est un \u00e9l\u00e9ment d\u00e9coratif \u00e0 part enti\u00e8re. TIM INOX peut personnaliser votre escalier afin de r\u00e9pondre \u00e0 vos besoins en mati\u00e8re de <em><strong><span style=\"color: #ff0000;\">d\u00e9coration et de design.<\/span><\/strong><\/em><\/p>\t\t\t\t\t\t\t\t<\/div>\n\t\t\t\t<\/div>\n\t\t\t\t\t<\/div>\n\t\t<\/div>\n\t\t\t\t\t<\/div>\n\t\t<\/section>\n\t\t\t\t<section class=\"elementor-section elementor-top-section elementor-element elementor-element-b9a7f77 elementor-section-full_width elementor-section-stretched elementor-section-height-default elementor-section-height-default\" data-id=\"b9a7f77\" data-element_type=\"section\" data-e-type=\"section\" data-settings=\"{&quot;stretch_section&quot;:&quot;section-stretched&quot;,&quot;background_background&quot;:&quot;classic&quot;,&quot;shape_divider_top&quot;:&quot;arrow&quot;}\">\n\t\t\t\t\t<div class=\"elementor-shape elementor-shape-top\" aria-hidden=\"true\" data-negative=\"false\">\n\t\t\t<svg xmlns=\"http:\/\/www.w3.org\/2000\/svg\" viewBox=\"0 0 700 10\" preserveAspectRatio=\"none\">\n\t<path class=\"elementor-shape-fill\" d=\"M350,10L340,0h20L350,10z\"\/>\n<\/svg>\t\t<\/div>\n\t\t\t\t\t<div class=\"elementor-container elementor-column-gap-default\">\n\t\t\t\t\t<div class=\"elementor-column elementor-col-100 elementor-top-column elementor-element elementor-element-4c27c04\" data-id=\"4c27c04\" data-element_type=\"column\" data-e-type=\"column\">\n\t\t\t<div class=\"elementor-widget-wrap elementor-element-populated\">\n\t\t\t\t\t\t<div class=\"elementor-element elementor-element-9a6f116 elementor-widget elementor-widget-spacer\" data-id=\"9a6f116\" data-element_type=\"widget\" data-e-type=\"widget\" data-widget_type=\"spacer.default\">\n\t\t\t\t<div class=\"elementor-widget-container\">\n\t\t\t\t\t\t\t<div class=\"elementor-spacer\">\n\t\t\t<div class=\"elementor-spacer-inner\"><\/div>\n\t\t<\/div>\n\t\t\t\t\t\t<\/div>\n\t\t\t\t<\/div>\n\t\t\t\t\t<\/div>\n\t\t<\/div>\n\t\t\t\t\t<\/div>\n\t\t<\/section>\n\t\t\t\t<section class=\"elementor-section elementor-top-section elementor-element elementor-element-72239cd elementor-section-stretched elementor-section-boxed elementor-section-height-default elementor-section-height-default\" data-id=\"72239cd\" data-element_type=\"section\" data-e-type=\"section\" data-settings=\"{&quot;stretch_section&quot;:&quot;section-stretched&quot;,&quot;background_background&quot;:&quot;classic&quot;}\">\n\t\t\t\t\t\t<div class=\"elementor-container elementor-column-gap-default\">\n\t\t\t\t\t<div class=\"elementor-column elementor-col-50 elementor-top-column elementor-element elementor-element-88ac6b0\" data-id=\"88ac6b0\" data-element_type=\"column\" data-e-type=\"column\">\n\t\t\t<div class=\"elementor-widget-wrap elementor-element-populated\">\n\t\t\t\t\t\t<div class=\"elementor-element elementor-element-8a291d5 elementor-widget elementor-widget-text-editor\" data-id=\"8a291d5\" data-element_type=\"widget\" data-e-type=\"widget\" data-widget_type=\"text-editor.default\">\n\t\t\t\t<div class=\"elementor-widget-container\">\n\t\t\t\t\t\t\t\t\t<p>Tim INOX r\u00e9alise <strong><em><span style=\"color: #ff0000;\">sur mesure<\/span><\/em><\/strong> des escaliers <em><strong><span style=\"color: #ff0000;\">design&nbsp;<\/span><\/strong><\/em><span style=\"background-color: transparent;\">de diff\u00e9rentes formes, mati\u00e8re aluminium, avec un tr\u00e8s grand choix de <em><strong><span style=\"color: #ff0000;\">couleur suivant RAL<\/span><\/strong><\/em>.<\/span><\/p>\t\t\t\t\t\t\t\t<\/div>\n\t\t\t\t<\/div>\n\t\t\t\t\t<\/div>\n\t\t<\/div>\n\t\t\t\t<div class=\"elementor-column elementor-col-50 elementor-top-column elementor-element elementor-element-9488982\" data-id=\"9488982\" data-element_type=\"column\" data-e-type=\"column\">\n\t\t\t<div class=\"elementor-widget-wrap elementor-element-populated\">\n\t\t\t\t\t\t<div class=\"elementor-element elementor-element-649a739 elementor-arrows-position-inside elementor-pagination-position-outside elementor-widget elementor-widget-image-carousel\" data-id=\"649a739\" data-element_type=\"widget\" data-e-type=\"widget\" data-settings=\"{&quot;slides_to_show&quot;:&quot;1&quot;,&quot;navigation&quot;:&quot;both&quot;,&quot;autoplay&quot;:&quot;yes&quot;,&quot;pause_on_hover&quot;:&quot;yes&quot;,&quot;pause_on_interaction&quot;:&quot;yes&quot;,&quot;autoplay_speed&quot;:5000,&quot;infinite&quot;:&quot;yes&quot;,&quot;effect&quot;:&quot;slide&quot;,&quot;speed&quot;:500}\" data-widget_type=\"image-carousel.default\">\n\t\t\t\t<div class=\"elementor-widget-container\">\n\t\t\t\t\t\t\t<div class=\"elementor-image-carousel-wrapper swiper\" role=\"region\" aria-roledescription=\"carousel\" aria-label=\"Carrousel d\u2019images\" dir=\"ltr\">\n\t\t\t<div class=\"elementor-image-carousel swiper-wrapper\" aria-live=\"off\">\n\t\t\t\t\t\t\t\t<div class=\"swiper-slide\" role=\"group\" aria-roledescription=\"slide\" aria-label=\"1 sur 14\"><figure class=\"swiper-slide-inner\"><img decoding=\"async\" class=\"swiper-slide-image\" src=\"https:\/\/www.timinox.com\/wp-content\/uploads\/2019\/07\/20190718_155250-16-2-2-1-2-1-1-300x298.jpg\" alt=\"Photo d&#039;un escalier design aluminium et bois\" \/><\/figure><\/div><div class=\"swiper-slide\" role=\"group\" aria-roledescription=\"slide\" aria-label=\"2 sur 14\"><figure class=\"swiper-slide-inner\"><img decoding=\"async\" class=\"swiper-slide-image\" src=\"https:\/\/www.timinox.com\/wp-content\/uploads\/2019\/07\/20190718_161740-1-1-1-1-193x300.jpg\" alt=\"Photo d&#039;un escalier design aluminium et bois\" \/><\/figure><\/div><div class=\"swiper-slide\" role=\"group\" aria-roledescription=\"slide\" aria-label=\"3 sur 14\"><figure class=\"swiper-slide-inner\"><img decoding=\"async\" class=\"swiper-slide-image\" src=\"https:\/\/www.timinox.com\/wp-content\/uploads\/2019\/07\/20190718_155250-1-1-1-1-239x300.jpg\" alt=\"photo d&#039;un escalier design aluminium et bois\" \/><\/figure><\/div><div class=\"swiper-slide\" role=\"group\" aria-roledescription=\"slide\" aria-label=\"4 sur 14\"><figure class=\"swiper-slide-inner\"><img decoding=\"async\" class=\"swiper-slide-image\" src=\"https:\/\/www.timinox.com\/wp-content\/uploads\/2019\/06\/IMG-5211-1-1-1-1-2-226x300.jpg\" alt=\"Photo de la structure porteuse d&#039;un escalier\" \/><\/figure><\/div><div class=\"swiper-slide\" role=\"group\" aria-roledescription=\"slide\" aria-label=\"5 sur 14\"><figure class=\"swiper-slide-inner\"><img decoding=\"async\" class=\"swiper-slide-image\" src=\"https:\/\/www.timinox.com\/wp-content\/uploads\/2020\/01\/escalier-Christine-9-300x300.jpg\" alt=\"Photo d&#039;un escalier\" \/><\/figure><\/div><div class=\"swiper-slide\" role=\"group\" aria-roledescription=\"slide\" aria-label=\"6 sur 14\"><figure class=\"swiper-slide-inner\"><img decoding=\"async\" class=\"swiper-slide-image\" src=\"https:\/\/www.timinox.com\/wp-content\/uploads\/2020\/01\/escalier-Christine-7-300x300.jpg\" alt=\"Photo d&#039;un escalier\" \/><\/figure><\/div><div class=\"swiper-slide\" role=\"group\" aria-roledescription=\"slide\" aria-label=\"7 sur 14\"><figure class=\"swiper-slide-inner\"><img decoding=\"async\" class=\"swiper-slide-image\" src=\"https:\/\/www.timinox.com\/wp-content\/uploads\/2020\/01\/escalier-Christine-6-1-300x300.jpg\" alt=\"Photo d&#039;un escalier\" \/><\/figure><\/div><div class=\"swiper-slide\" role=\"group\" aria-roledescription=\"slide\" aria-label=\"8 sur 14\"><figure class=\"swiper-slide-inner\"><img decoding=\"async\" class=\"swiper-slide-image\" src=\"https:\/\/www.timinox.com\/wp-content\/uploads\/2020\/01\/escalier-Christine-5-300x300.jpg\" alt=\"Photo d&#039;un escalier\" \/><\/figure><\/div><div class=\"swiper-slide\" role=\"group\" aria-roledescription=\"slide\" aria-label=\"9 sur 14\"><figure class=\"swiper-slide-inner\"><img decoding=\"async\" class=\"swiper-slide-image\" src=\"https:\/\/www.timinox.com\/wp-content\/uploads\/2021\/01\/photo-site-escalier-1-300x300.jpeg\" alt=\"Photo d&#039;un escalier aluminium avec marches en bois\" \/><\/figure><\/div><div class=\"swiper-slide\" role=\"group\" aria-roledescription=\"slide\" aria-label=\"10 sur 14\"><figure class=\"swiper-slide-inner\"><img decoding=\"async\" class=\"swiper-slide-image\" src=\"https:\/\/www.timinox.com\/wp-content\/uploads\/2021\/01\/photo-site-escalier-3-300x300.jpeg\" alt=\"photo escalier aluminium avec marches en bois\" \/><\/figure><\/div><div class=\"swiper-slide\" role=\"group\" aria-roledescription=\"slide\" aria-label=\"11 sur 14\"><figure class=\"swiper-slide-inner\"><img decoding=\"async\" class=\"swiper-slide-image\" src=\"https:\/\/www.timinox.com\/wp-content\/uploads\/2021\/01\/photo-site-escalier-2-300x300.jpeg\" alt=\"photo escalier aluminium avec marches en bois\" \/><\/figure><\/div><div class=\"swiper-slide\" role=\"group\" aria-roledescription=\"slide\" aria-label=\"12 sur 14\"><figure class=\"swiper-slide-inner\"><img decoding=\"async\" class=\"swiper-slide-image\" src=\"https:\/\/www.timinox.com\/wp-content\/uploads\/2021\/03\/Escalier-5-300x300.jpg\" alt=\"Escalier (5)\" \/><\/figure><\/div><div class=\"swiper-slide\" role=\"group\" aria-roledescription=\"slide\" aria-label=\"13 sur 14\"><figure class=\"swiper-slide-inner\"><img decoding=\"async\" class=\"swiper-slide-image\" src=\"https:\/\/www.timinox.com\/wp-content\/uploads\/2021\/07\/Escalier-ROMAN-2-225x300.jpg\" alt=\"Escalier ROMAN 2\" \/><\/figure><\/div><div class=\"swiper-slide\" role=\"group\" aria-roledescription=\"slide\" aria-label=\"14 sur 14\"><figure class=\"swiper-slide-inner\"><img decoding=\"async\" class=\"swiper-slide-image\" src=\"https:\/\/www.timinox.com\/wp-content\/uploads\/2021\/07\/Escalier-ROMAN-225x300.jpg\" alt=\"Escalier ROMAN\" \/><\/figure><\/div>\t\t\t<\/div>\n\t\t\t\t\t\t\t\t\t\t\t\t<div class=\"elementor-swiper-button elementor-swiper-button-prev\" role=\"button\" tabindex=\"0\">\n\t\t\t\t\t\t<i aria-hidden=\"true\" class=\"eicon-chevron-left\"><\/i>\t\t\t\t\t<\/div>\n\t\t\t\t\t<div class=\"elementor-swiper-button elementor-swiper-button-next\" role=\"button\" tabindex=\"0\">\n\t\t\t\t\t\t<i aria-hidden=\"true\" class=\"eicon-chevron-right\"><\/i>\t\t\t\t\t<\/div>\n\t\t\t\t\n\t\t\t\t\t\t\t\t\t<div class=\"swiper-pagination\"><\/div>\n\t\t\t\t\t\t\t\t\t<\/div>\n\t\t\t\t\t\t<\/div>\n\t\t\t\t<\/div>\n\t\t\t\t\t<\/div>\n\t\t<\/div>\n\t\t\t\t\t<\/div>\n\t\t<\/section>\n\t\t\t\t<section class=\"elementor-section elementor-top-section elementor-element elementor-element-1c19cc7 elementor-section-full_width elementor-section-stretched elementor-section-height-default elementor-section-height-default\" data-id=\"1c19cc7\" data-element_type=\"section\" data-e-type=\"section\" data-settings=\"{&quot;stretch_section&quot;:&quot;section-stretched&quot;,&quot;background_background&quot;:&quot;classic&quot;}\">\n\t\t\t\t\t\t<div class=\"elementor-container elementor-column-gap-default\">\n\t\t\t\t\t<div class=\"elementor-column elementor-col-100 elementor-top-column elementor-element elementor-element-f5feaa4\" data-id=\"f5feaa4\" data-element_type=\"column\" data-e-type=\"column\">\n\t\t\t<div class=\"elementor-widget-wrap elementor-element-populated\">\n\t\t\t\t\t\t<div class=\"elementor-element elementor-element-eb71820 elementor-widget elementor-widget-spacer\" data-id=\"eb71820\" data-element_type=\"widget\" data-e-type=\"widget\" data-widget_type=\"spacer.default\">\n\t\t\t\t<div class=\"elementor-widget-container\">\n\t\t\t\t\t\t\t<div class=\"elementor-spacer\">\n\t\t\t<div class=\"elementor-spacer-inner\"><\/div>\n\t\t<\/div>\n\t\t\t\t\t\t<\/div>\n\t\t\t\t<\/div>\n\t\t\t\t\t<\/div>\n\t\t<\/div>\n\t\t\t\t\t<\/div>\n\t\t<\/section>\n\t\t\t\t<section class=\"elementor-section elementor-top-section elementor-element elementor-element-dd3a182 elementor-section-full_width elementor-section-stretched elementor-section-height-default elementor-section-height-default\" data-id=\"dd3a182\" data-element_type=\"section\" data-e-type=\"section\" data-settings=\"{&quot;stretch_section&quot;:&quot;section-stretched&quot;,&quot;background_background&quot;:&quot;classic&quot;,&quot;shape_divider_top&quot;:&quot;arrow&quot;}\">\n\t\t\t\t\t<div class=\"elementor-shape elementor-shape-top\" aria-hidden=\"true\" data-negative=\"false\">\n\t\t\t<svg xmlns=\"http:\/\/www.w3.org\/2000\/svg\" viewBox=\"0 0 700 10\" preserveAspectRatio=\"none\">\n\t<path class=\"elementor-shape-fill\" d=\"M350,10L340,0h20L350,10z\"\/>\n<\/svg>\t\t<\/div>\n\t\t\t\t\t<div class=\"elementor-container elementor-column-gap-default\">\n\t\t\t\t\t<div class=\"elementor-column elementor-col-100 elementor-top-column elementor-element elementor-element-94d8468\" data-id=\"94d8468\" data-element_type=\"column\" data-e-type=\"column\">\n\t\t\t<div class=\"elementor-widget-wrap elementor-element-populated\">\n\t\t\t\t\t\t<div class=\"elementor-element elementor-element-5d7b48a elementor-widget elementor-widget-spacer\" data-id=\"5d7b48a\" data-element_type=\"widget\" data-e-type=\"widget\" data-widget_type=\"spacer.default\">\n\t\t\t\t<div class=\"elementor-widget-container\">\n\t\t\t\t\t\t\t<div class=\"elementor-spacer\">\n\t\t\t<div class=\"elementor-spacer-inner\"><\/div>\n\t\t<\/div>\n\t\t\t\t\t\t<\/div>\n\t\t\t\t<\/div>\n\t\t\t\t\t<\/div>\n\t\t<\/div>\n\t\t\t\t\t<\/div>\n\t\t<\/section>\n\t\t\t\t<\/div>\n\t\t","protected":false},"excerpt":{"rendered":"<p>Escaliers design Un escalier est un \u00e9l\u00e9ment d\u00e9coratif \u00e0 part enti\u00e8re. TIM INOX peut personnaliser votre escalier afin de r\u00e9pondre \u00e0 vos [&hellip;]<\/p>\n","protected":false},"author":1,"featured_media":0,"parent":0,"menu_order":0,"comment_status":"closed","ping_status":"closed","template":"elementor_header_footer","meta":{"_exactmetrics_skip_tracking":false,"_exactmetrics_sitenote_active":false,"_exactmetrics_sitenote_note":"","_exactmetrics_sitenote_category":0,"footnotes":""},"class_list":["post-170","page","type-page","status-publish","hentry"],"yoast_head":"<!-- This site is optimized with the Yoast SEO plugin v27.1.1 - https:\/\/yoast.com\/product\/yoast-seo-wordpress\/ -->\n<title>Escaliers - TIM INOX<\/title>\n<meta name=\"description\" content=\"Tim INOX r\u00e9alise sur mesure des escaliers design de diff\u00e9rentes formes, mati\u00e8re aluminium , tr\u00e8s grand choix de couleur suivant RAL.\" \/>\n<meta name=\"robots\" content=\"index, follow, max-snippet:-1, max-image-preview:large, max-video-preview:-1\" \/>\n<link rel=\"canonical\" href=\"https:\/\/www.timinox.com\/tim-inox-accueil\/tim-inox-escaliers\/\" \/>\n<meta property=\"og:locale\" content=\"fr_FR\" \/>\n<meta property=\"og:type\" content=\"article\" \/>\n<meta property=\"og:title\" content=\"Escaliers - TIM INOX\" \/>\n<meta property=\"og:description\" content=\"Tim INOX r\u00e9alise sur mesure des escaliers design de diff\u00e9rentes formes, mati\u00e8re aluminium , tr\u00e8s grand choix de couleur suivant RAL.\" \/>\n<meta property=\"og:url\" content=\"https:\/\/www.timinox.com\/tim-inox-accueil\/tim-inox-escaliers\/\" \/>\n<meta property=\"og:site_name\" content=\"TIM INOX\" \/>\n<meta property=\"article:modified_time\" content=\"2021-10-07T11:59:52+00:00\" \/>\n<meta property=\"og:image\" content=\"https:\/\/www.timinox.com\/wp-content\/uploads\/2019\/07\/20190718_155250-16-2-2-1-2-1-1-300x298.jpg\" \/>\n<meta name=\"twitter:card\" content=\"summary_large_image\" \/>\n<meta name=\"twitter:label1\" content=\"Dur\u00e9e de lecture estim\u00e9e\" \/>\n\t<meta name=\"twitter:data1\" content=\"4 minutes\" \/>\n<script type=\"application\/ld+json\" class=\"yoast-schema-graph\">{\"@context\":\"https:\/\/schema.org\",\"@graph\":[{\"@type\":\"WebPage\",\"@id\":\"https:\/\/www.timinox.com\/tim-inox-accueil\/tim-inox-escaliers\/\",\"url\":\"https:\/\/www.timinox.com\/tim-inox-accueil\/tim-inox-escaliers\/\",\"name\":\"Escaliers - TIM INOX\",\"isPartOf\":{\"@id\":\"https:\/\/www.timinox.com\/tim-inox-accueil\/#website\"},\"primaryImageOfPage\":{\"@id\":\"https:\/\/www.timinox.com\/tim-inox-accueil\/tim-inox-escaliers\/#primaryimage\"},\"image\":{\"@id\":\"https:\/\/www.timinox.com\/tim-inox-accueil\/tim-inox-escaliers\/#primaryimage\"},\"thumbnailUrl\":\"https:\/\/www.timinox.com\/wp-content\/uploads\/2019\/07\/20190718_155250-16-2-2-1-2-1-1-300x298.jpg\",\"datePublished\":\"2019-05-13T09:23:20+00:00\",\"dateModified\":\"2021-10-07T11:59:52+00:00\",\"description\":\"Tim INOX r\u00e9alise sur mesure des escaliers design de diff\u00e9rentes formes, mati\u00e8re aluminium , tr\u00e8s grand choix de couleur suivant RAL.\",\"breadcrumb\":{\"@id\":\"https:\/\/www.timinox.com\/tim-inox-accueil\/tim-inox-escaliers\/#breadcrumb\"},\"inLanguage\":\"fr-FR\",\"potentialAction\":[{\"@type\":\"ReadAction\",\"target\":[\"https:\/\/www.timinox.com\/tim-inox-accueil\/tim-inox-escaliers\/\"]}]},{\"@type\":\"ImageObject\",\"inLanguage\":\"fr-FR\",\"@id\":\"https:\/\/www.timinox.com\/tim-inox-accueil\/tim-inox-escaliers\/#primaryimage\",\"url\":\"https:\/\/www.timinox.com\/wp-content\/uploads\/2019\/07\/20190718_155250-16-2-2-1-2-1-1-300x298.jpg\",\"contentUrl\":\"https:\/\/www.timinox.com\/wp-content\/uploads\/2019\/07\/20190718_155250-16-2-2-1-2-1-1-300x298.jpg\"},{\"@type\":\"BreadcrumbList\",\"@id\":\"https:\/\/www.timinox.com\/tim-inox-accueil\/tim-inox-escaliers\/#breadcrumb\",\"itemListElement\":[{\"@type\":\"ListItem\",\"position\":1,\"name\":\"Accueil\",\"item\":\"https:\/\/www.timinox.com\/tim-inox-accueil\/\"},{\"@type\":\"ListItem\",\"position\":2,\"name\":\"Escaliers\"}]},{\"@type\":\"WebSite\",\"@id\":\"https:\/\/www.timinox.com\/tim-inox-accueil\/#website\",\"url\":\"https:\/\/www.timinox.com\/tim-inox-accueil\/\",\"name\":\"TIM INOX\",\"description\":\"Ce qui se con\u00e7oit bien, se soude facilement\",\"potentialAction\":[{\"@type\":\"SearchAction\",\"target\":{\"@type\":\"EntryPoint\",\"urlTemplate\":\"https:\/\/www.timinox.com\/tim-inox-accueil\/?s={search_term_string}\"},\"query-input\":{\"@type\":\"PropertyValueSpecification\",\"valueRequired\":true,\"valueName\":\"search_term_string\"}}],\"inLanguage\":\"fr-FR\"}]}<\/script>\n<!-- \/ Yoast SEO plugin. -->","yoast_head_json":{"title":"Escaliers - TIM INOX","description":"Tim INOX r\u00e9alise sur mesure des escaliers design de diff\u00e9rentes formes, mati\u00e8re aluminium , tr\u00e8s grand choix de couleur suivant RAL.","robots":{"index":"index","follow":"follow","max-snippet":"max-snippet:-1","max-image-preview":"max-image-preview:large","max-video-preview":"max-video-preview:-1"},"canonical":"https:\/\/www.timinox.com\/tim-inox-accueil\/tim-inox-escaliers\/","og_locale":"fr_FR","og_type":"article","og_title":"Escaliers - TIM INOX","og_description":"Tim INOX r\u00e9alise sur mesure des escaliers design de diff\u00e9rentes formes, mati\u00e8re aluminium , tr\u00e8s grand choix de couleur suivant RAL.","og_url":"https:\/\/www.timinox.com\/tim-inox-accueil\/tim-inox-escaliers\/","og_site_name":"TIM INOX","article_modified_time":"2021-10-07T11:59:52+00:00","og_image":[{"url":"https:\/\/www.timinox.com\/wp-content\/uploads\/2019\/07\/20190718_155250-16-2-2-1-2-1-1-300x298.jpg","type":"","width":"","height":""}],"twitter_card":"summary_large_image","twitter_misc":{"Dur\u00e9e de lecture estim\u00e9e":"4 minutes"},"schema":{"@context":"https:\/\/schema.org","@graph":[{"@type":"WebPage","@id":"https:\/\/www.timinox.com\/tim-inox-accueil\/tim-inox-escaliers\/","url":"https:\/\/www.timinox.com\/tim-inox-accueil\/tim-inox-escaliers\/","name":"Escaliers - TIM INOX","isPartOf":{"@id":"https:\/\/www.timinox.com\/tim-inox-accueil\/#website"},"primaryImageOfPage":{"@id":"https:\/\/www.timinox.com\/tim-inox-accueil\/tim-inox-escaliers\/#primaryimage"},"image":{"@id":"https:\/\/www.timinox.com\/tim-inox-accueil\/tim-inox-escaliers\/#primaryimage"},"thumbnailUrl":"https:\/\/www.timinox.com\/wp-content\/uploads\/2019\/07\/20190718_155250-16-2-2-1-2-1-1-300x298.jpg","datePublished":"2019-05-13T09:23:20+00:00","dateModified":"2021-10-07T11:59:52+00:00","description":"Tim INOX r\u00e9alise sur mesure des escaliers design de diff\u00e9rentes formes, mati\u00e8re aluminium , tr\u00e8s grand choix de couleur suivant RAL.","breadcrumb":{"@id":"https:\/\/www.timinox.com\/tim-inox-accueil\/tim-inox-escaliers\/#breadcrumb"},"inLanguage":"fr-FR","potentialAction":[{"@type":"ReadAction","target":["https:\/\/www.timinox.com\/tim-inox-accueil\/tim-inox-escaliers\/"]}]},{"@type":"ImageObject","inLanguage":"fr-FR","@id":"https:\/\/www.timinox.com\/tim-inox-accueil\/tim-inox-escaliers\/#primaryimage","url":"https:\/\/www.timinox.com\/wp-content\/uploads\/2019\/07\/20190718_155250-16-2-2-1-2-1-1-300x298.jpg","contentUrl":"https:\/\/www.timinox.com\/wp-content\/uploads\/2019\/07\/20190718_155250-16-2-2-1-2-1-1-300x298.jpg"},{"@type":"BreadcrumbList","@id":"https:\/\/www.timinox.com\/tim-inox-accueil\/tim-inox-escaliers\/#breadcrumb","itemListElement":[{"@type":"ListItem","position":1,"name":"Accueil","item":"https:\/\/www.timinox.com\/tim-inox-accueil\/"},{"@type":"ListItem","position":2,"name":"Escaliers"}]},{"@type":"WebSite","@id":"https:\/\/www.timinox.com\/tim-inox-accueil\/#website","url":"https:\/\/www.timinox.com\/tim-inox-accueil\/","name":"TIM INOX","description":"Ce qui se con\u00e7oit bien, se soude facilement","potentialAction":[{"@type":"SearchAction","target":{"@type":"EntryPoint","urlTemplate":"https:\/\/www.timinox.com\/tim-inox-accueil\/?s={search_term_string}"},"query-input":{"@type":"PropertyValueSpecification","valueRequired":true,"valueName":"search_term_string"}}],"inLanguage":"fr-FR"}]}},"_links":{"self":[{"href":"https:\/\/www.timinox.com\/tim-inox-accueil\/wp-json\/wp\/v2\/pages\/170","targetHints":{"allow":["GET"]}}],"collection":[{"href":"https:\/\/www.timinox.com\/tim-inox-accueil\/wp-json\/wp\/v2\/pages"}],"about":[{"href":"https:\/\/www.timinox.com\/tim-inox-accueil\/wp-json\/wp\/v2\/types\/page"}],"author":[{"embeddable":true,"href":"https:\/\/www.timinox.com\/tim-inox-accueil\/wp-json\/wp\/v2\/users\/1"}],"replies":[{"embeddable":true,"href":"https:\/\/www.timinox.com\/tim-inox-accueil\/wp-json\/wp\/v2\/comments?post=170"}],"version-history":[{"count":55,"href":"https:\/\/www.timinox.com\/tim-inox-accueil\/wp-json\/wp\/v2\/pages\/170\/revisions"}],"predecessor-version":[{"id":2048,"href":"https:\/\/www.timinox.com\/tim-inox-accueil\/wp-json\/wp\/v2\/pages\/170\/revisions\/2048"}],"wp:attachment":[{"href":"https:\/\/www.timinox.com\/tim-inox-accueil\/wp-json\/wp\/v2\/media?parent=170"}],"curies":[{"name":"wp","href":"https:\/\/api.w.org\/{rel}","templated":true}]}}