{"id":168,"date":"2019-05-13T11:22:46","date_gmt":"2019-05-13T09:22:46","guid":{"rendered":"https:\/\/www.timinox.com\/?page_id=168"},"modified":"2021-10-07T13:55:03","modified_gmt":"2021-10-07T11:55:03","slug":"cone-imhoff","status":"publish","type":"page","link":"https:\/\/www.timinox.com\/tim-inox-accueil\/cone-imhoff\/","title":{"rendered":"Cone Imhoff"},"content":{"rendered":"\t\t<div data-elementor-type=\"wp-post\" data-elementor-id=\"168\" class=\"elementor elementor-168\">\n\t\t\t\t\t\t<section class=\"elementor-section elementor-top-section elementor-element elementor-element-19abf26 elementor-section-boxed elementor-section-height-default elementor-section-height-default\" data-id=\"19abf26\" data-element_type=\"section\" data-e-type=\"section\">\n\t\t\t\t\t\t<div class=\"elementor-container elementor-column-gap-default\">\n\t\t\t\t\t<div class=\"elementor-column elementor-col-100 elementor-top-column elementor-element elementor-element-c7859fd\" data-id=\"c7859fd\" data-element_type=\"column\" data-e-type=\"column\">\n\t\t\t<div class=\"elementor-widget-wrap elementor-element-populated\">\n\t\t\t\t\t\t<div class=\"elementor-element elementor-element-438f8f3 elementor-widget elementor-widget-heading\" data-id=\"438f8f3\" data-element_type=\"widget\" data-e-type=\"widget\" data-widget_type=\"heading.default\">\n\t\t\t\t<div class=\"elementor-widget-container\">\n\t\t\t\t\t<h1 class=\"elementor-heading-title elementor-size-default\">C\u00f4ne Imhoff<\/h1>\t\t\t\t<\/div>\n\t\t\t\t<\/div>\n\t\t\t\t\t<\/div>\n\t\t<\/div>\n\t\t\t\t\t<\/div>\n\t\t<\/section>\n\t\t\t\t<section class=\"elementor-section elementor-top-section elementor-element elementor-element-4e81034 elementor-section-boxed elementor-section-height-default elementor-section-height-default\" data-id=\"4e81034\" data-element_type=\"section\" data-e-type=\"section\">\n\t\t\t\t\t\t<div class=\"elementor-container elementor-column-gap-default\">\n\t\t\t\t\t<div class=\"elementor-column elementor-col-100 elementor-top-column elementor-element elementor-element-0147a1d\" data-id=\"0147a1d\" data-element_type=\"column\" data-e-type=\"column\">\n\t\t\t<div class=\"elementor-widget-wrap elementor-element-populated\">\n\t\t\t\t\t\t<div class=\"elementor-element elementor-element-c20cf11 elementor-widget elementor-widget-text-editor\" data-id=\"c20cf11\" data-element_type=\"widget\" data-e-type=\"widget\" data-widget_type=\"text-editor.default\">\n\t\t\t\t<div class=\"elementor-widget-container\">\n\t\t\t\t\t\t\t\t\t<p><span style=\"color: #000000;\">TIM INOX contribue \u00e0 la r\u00e9habilitation de station d&rsquo;\u00e9puration.<\/span><\/p>\n<p>Nous r\u00e9alisons sur mesure des \u00e9l\u00e9ments de fabrication pour <em><strong><span style=\"color: #ff0000;\">c\u00f4ne imhoff<\/span><\/strong><\/em> en aluminium. Ces c\u00f4nes imhoff sont install\u00e9s dans des d\u00e9canteurs-digesteurs de station d&rsquo;\u00e9puration.<\/p>\t\t\t\t\t\t\t\t<\/div>\n\t\t\t\t<\/div>\n\t\t\t\t\t<\/div>\n\t\t<\/div>\n\t\t\t\t\t<\/div>\n\t\t<\/section>\n\t\t\t\t<section class=\"elementor-section elementor-top-section elementor-element elementor-element-108d529 elementor-section-stretched elementor-section-boxed elementor-section-height-default elementor-section-height-default\" data-id=\"108d529\" data-element_type=\"section\" data-e-type=\"section\" data-settings=\"{&quot;stretch_section&quot;:&quot;section-stretched&quot;,&quot;background_background&quot;:&quot;classic&quot;,&quot;shape_divider_top&quot;:&quot;arrow&quot;}\">\n\t\t\t\t\t<div class=\"elementor-shape elementor-shape-top\" aria-hidden=\"true\" data-negative=\"false\">\n\t\t\t<svg xmlns=\"http:\/\/www.w3.org\/2000\/svg\" viewBox=\"0 0 700 10\" preserveAspectRatio=\"none\">\n\t<path class=\"elementor-shape-fill\" d=\"M350,10L340,0h20L350,10z\"\/>\n<\/svg>\t\t<\/div>\n\t\t\t\t\t<div class=\"elementor-container elementor-column-gap-default\">\n\t\t\t\t\t<div class=\"elementor-column elementor-col-100 elementor-top-column elementor-element elementor-element-3c7c4ba\" data-id=\"3c7c4ba\" data-element_type=\"column\" data-e-type=\"column\">\n\t\t\t<div class=\"elementor-widget-wrap elementor-element-populated\">\n\t\t\t\t\t\t<div class=\"elementor-element elementor-element-2aa9a42 elementor-arrows-position-inside elementor-pagination-position-outside elementor-widget elementor-widget-image-carousel\" data-id=\"2aa9a42\" data-element_type=\"widget\" data-e-type=\"widget\" data-settings=\"{&quot;slides_to_show&quot;:&quot;3&quot;,&quot;navigation&quot;:&quot;both&quot;,&quot;autoplay&quot;:&quot;yes&quot;,&quot;pause_on_hover&quot;:&quot;yes&quot;,&quot;pause_on_interaction&quot;:&quot;yes&quot;,&quot;autoplay_speed&quot;:5000,&quot;infinite&quot;:&quot;yes&quot;,&quot;speed&quot;:500}\" data-widget_type=\"image-carousel.default\">\n\t\t\t\t<div class=\"elementor-widget-container\">\n\t\t\t\t\t\t\t<div class=\"elementor-image-carousel-wrapper swiper\" role=\"region\" aria-roledescription=\"carousel\" aria-label=\"Carrousel d\u2019images\" dir=\"ltr\">\n\t\t\t<div class=\"elementor-image-carousel swiper-wrapper\" aria-live=\"off\">\n\t\t\t\t\t\t\t\t<div class=\"swiper-slide\" role=\"group\" aria-roledescription=\"slide\" aria-label=\"1 sur 4\"><figure class=\"swiper-slide-inner\"><img decoding=\"async\" class=\"swiper-slide-image\" src=\"https:\/\/www.timinox.com\/wp-content\/uploads\/2019\/07\/IMG_3307-1-1-1-1-1-300x300.jpg\" alt=\"Photo c\u00f4ne imhoff aluminium\" \/><\/figure><\/div><div class=\"swiper-slide\" role=\"group\" aria-roledescription=\"slide\" aria-label=\"2 sur 4\"><figure class=\"swiper-slide-inner\"><img decoding=\"async\" class=\"swiper-slide-image\" src=\"https:\/\/www.timinox.com\/wp-content\/uploads\/2019\/07\/IMG_3304-1-1-1-1-300x300.jpg\" alt=\"Photo c\u00f4ne imhoff aluminium\" \/><\/figure><\/div><div class=\"swiper-slide\" role=\"group\" aria-roledescription=\"slide\" aria-label=\"3 sur 4\"><figure class=\"swiper-slide-inner\"><img decoding=\"async\" class=\"swiper-slide-image\" src=\"https:\/\/www.timinox.com\/wp-content\/uploads\/2019\/07\/IMG_3310-1-1-1-1-300x300.jpg\" alt=\"Photo c\u00f4ne imhoff aluminium\" \/><\/figure><\/div><div class=\"swiper-slide\" role=\"group\" aria-roledescription=\"slide\" aria-label=\"4 sur 4\"><figure class=\"swiper-slide-inner\"><img decoding=\"async\" class=\"swiper-slide-image\" src=\"https:\/\/www.timinox.com\/wp-content\/uploads\/2019\/07\/IMG_3308-1-1-1-1-300x300.jpg\" alt=\"Photo d&#039;un cone Imhoff aluminium\" \/><\/figure><\/div>\t\t\t<\/div>\n\t\t\t\t\t\t\t\t\t\t\t\t<div class=\"elementor-swiper-button elementor-swiper-button-prev\" role=\"button\" tabindex=\"0\">\n\t\t\t\t\t\t<i aria-hidden=\"true\" class=\"eicon-chevron-left\"><\/i>\t\t\t\t\t<\/div>\n\t\t\t\t\t<div class=\"elementor-swiper-button elementor-swiper-button-next\" role=\"button\" tabindex=\"0\">\n\t\t\t\t\t\t<i aria-hidden=\"true\" class=\"eicon-chevron-right\"><\/i>\t\t\t\t\t<\/div>\n\t\t\t\t\n\t\t\t\t\t\t\t\t\t<div class=\"swiper-pagination\"><\/div>\n\t\t\t\t\t\t\t\t\t<\/div>\n\t\t\t\t\t\t<\/div>\n\t\t\t\t<\/div>\n\t\t\t\t\t<\/div>\n\t\t<\/div>\n\t\t\t\t\t<\/div>\n\t\t<\/section>\n\t\t\t\t<section class=\"elementor-section elementor-top-section elementor-element elementor-element-706695f elementor-section-full_width elementor-section-stretched elementor-section-height-default elementor-section-height-default\" data-id=\"706695f\" data-element_type=\"section\" data-e-type=\"section\" data-settings=\"{&quot;stretch_section&quot;:&quot;section-stretched&quot;,&quot;shape_divider_top&quot;:&quot;arrow&quot;}\">\n\t\t\t\t\t<div class=\"elementor-shape elementor-shape-top\" aria-hidden=\"true\" data-negative=\"false\">\n\t\t\t<svg xmlns=\"http:\/\/www.w3.org\/2000\/svg\" viewBox=\"0 0 700 10\" preserveAspectRatio=\"none\">\n\t<path class=\"elementor-shape-fill\" d=\"M350,10L340,0h20L350,10z\"\/>\n<\/svg>\t\t<\/div>\n\t\t\t\t\t<div class=\"elementor-container elementor-column-gap-default\">\n\t\t\t\t\t<div class=\"elementor-column elementor-col-100 elementor-top-column elementor-element elementor-element-4d8d8f8\" data-id=\"4d8d8f8\" data-element_type=\"column\" data-e-type=\"column\">\n\t\t\t<div class=\"elementor-widget-wrap elementor-element-populated\">\n\t\t\t\t\t\t<div class=\"elementor-element elementor-element-cbd0e06 elementor-widget elementor-widget-text-editor\" data-id=\"cbd0e06\" data-element_type=\"widget\" data-e-type=\"widget\" data-widget_type=\"text-editor.default\">\n\t\t\t\t<div class=\"elementor-widget-container\">\n\t\t\t\t\t\t\t\t\t<p>\u00a0<\/p><p>\u00a0<\/p>\t\t\t\t\t\t\t\t<\/div>\n\t\t\t\t<\/div>\n\t\t\t\t\t<\/div>\n\t\t<\/div>\n\t\t\t\t\t<\/div>\n\t\t<\/section>\n\t\t\t\t<\/div>\n\t\t","protected":false},"excerpt":{"rendered":"<p>C\u00f4ne Imhoff TIM INOX contribue \u00e0 la r\u00e9habilitation de station d&rsquo;\u00e9puration. Nous r\u00e9alisons sur mesure des \u00e9l\u00e9ments de fabrication pour c\u00f4ne imhoff [&hellip;]<\/p>\n","protected":false},"author":1,"featured_media":0,"parent":0,"menu_order":0,"comment_status":"closed","ping_status":"closed","template":"elementor_header_footer","meta":{"_exactmetrics_skip_tracking":false,"_exactmetrics_sitenote_active":false,"_exactmetrics_sitenote_note":"","_exactmetrics_sitenote_category":0,"footnotes":""},"class_list":["post-168","page","type-page","status-publish","hentry"],"yoast_head":"<!-- This site is optimized with the Yoast SEO plugin v27.1.1 - https:\/\/yoast.com\/product\/yoast-seo-wordpress\/ -->\n<title>Cone Imhoff - TIM INOX<\/title>\n<meta name=\"description\" content=\"Nous r\u00e9alisons sur mesure des \u00e9l\u00e9ments de fabrication pour c\u00f4ne imhoff en aluminium. Ces c\u00f4nes imhoff sont install\u00e9s dans des d\u00e9canteur-digesteurs de.......\" \/>\n<meta name=\"robots\" content=\"index, follow, max-snippet:-1, max-image-preview:large, max-video-preview:-1\" \/>\n<link rel=\"canonical\" href=\"https:\/\/www.timinox.com\/tim-inox-accueil\/cone-imhoff\/\" \/>\n<meta property=\"og:locale\" content=\"fr_FR\" \/>\n<meta property=\"og:type\" content=\"article\" \/>\n<meta property=\"og:title\" content=\"Cone Imhoff - TIM INOX\" \/>\n<meta property=\"og:description\" content=\"Nous r\u00e9alisons sur mesure des \u00e9l\u00e9ments de fabrication pour c\u00f4ne imhoff en aluminium. Ces c\u00f4nes imhoff sont install\u00e9s dans des d\u00e9canteur-digesteurs de.......\" \/>\n<meta property=\"og:url\" content=\"https:\/\/www.timinox.com\/tim-inox-accueil\/cone-imhoff\/\" \/>\n<meta property=\"og:site_name\" content=\"TIM INOX\" \/>\n<meta property=\"article:modified_time\" content=\"2021-10-07T11:55:03+00:00\" \/>\n<meta property=\"og:image\" content=\"https:\/\/www.timinox.com\/wp-content\/uploads\/2019\/07\/IMG_3307-1-1-1-1-1-300x300.jpg\" \/>\n<meta name=\"twitter:card\" content=\"summary_large_image\" \/>\n<meta name=\"twitter:label1\" content=\"Dur\u00e9e de lecture estim\u00e9e\" \/>\n\t<meta name=\"twitter:data1\" content=\"3 minutes\" \/>\n<script type=\"application\/ld+json\" class=\"yoast-schema-graph\">{\"@context\":\"https:\/\/schema.org\",\"@graph\":[{\"@type\":\"WebPage\",\"@id\":\"https:\/\/www.timinox.com\/tim-inox-accueil\/cone-imhoff\/\",\"url\":\"https:\/\/www.timinox.com\/tim-inox-accueil\/cone-imhoff\/\",\"name\":\"Cone Imhoff - TIM INOX\",\"isPartOf\":{\"@id\":\"https:\/\/www.timinox.com\/tim-inox-accueil\/#website\"},\"primaryImageOfPage\":{\"@id\":\"https:\/\/www.timinox.com\/tim-inox-accueil\/cone-imhoff\/#primaryimage\"},\"image\":{\"@id\":\"https:\/\/www.timinox.com\/tim-inox-accueil\/cone-imhoff\/#primaryimage\"},\"thumbnailUrl\":\"https:\/\/www.timinox.com\/wp-content\/uploads\/2019\/07\/IMG_3307-1-1-1-1-1-300x300.jpg\",\"datePublished\":\"2019-05-13T09:22:46+00:00\",\"dateModified\":\"2021-10-07T11:55:03+00:00\",\"description\":\"Nous r\u00e9alisons sur mesure des \u00e9l\u00e9ments de fabrication pour c\u00f4ne imhoff en aluminium. Ces c\u00f4nes imhoff sont install\u00e9s dans des d\u00e9canteur-digesteurs de.......\",\"breadcrumb\":{\"@id\":\"https:\/\/www.timinox.com\/tim-inox-accueil\/cone-imhoff\/#breadcrumb\"},\"inLanguage\":\"fr-FR\",\"potentialAction\":[{\"@type\":\"ReadAction\",\"target\":[\"https:\/\/www.timinox.com\/tim-inox-accueil\/cone-imhoff\/\"]}]},{\"@type\":\"ImageObject\",\"inLanguage\":\"fr-FR\",\"@id\":\"https:\/\/www.timinox.com\/tim-inox-accueil\/cone-imhoff\/#primaryimage\",\"url\":\"https:\/\/www.timinox.com\/wp-content\/uploads\/2019\/07\/IMG_3307-1-1-1-1-1-300x300.jpg\",\"contentUrl\":\"https:\/\/www.timinox.com\/wp-content\/uploads\/2019\/07\/IMG_3307-1-1-1-1-1-300x300.jpg\"},{\"@type\":\"BreadcrumbList\",\"@id\":\"https:\/\/www.timinox.com\/tim-inox-accueil\/cone-imhoff\/#breadcrumb\",\"itemListElement\":[{\"@type\":\"ListItem\",\"position\":1,\"name\":\"Accueil\",\"item\":\"https:\/\/www.timinox.com\/tim-inox-accueil\/\"},{\"@type\":\"ListItem\",\"position\":2,\"name\":\"Cone Imhoff\"}]},{\"@type\":\"WebSite\",\"@id\":\"https:\/\/www.timinox.com\/tim-inox-accueil\/#website\",\"url\":\"https:\/\/www.timinox.com\/tim-inox-accueil\/\",\"name\":\"TIM INOX\",\"description\":\"Ce qui se con\u00e7oit bien, se soude facilement\",\"potentialAction\":[{\"@type\":\"SearchAction\",\"target\":{\"@type\":\"EntryPoint\",\"urlTemplate\":\"https:\/\/www.timinox.com\/tim-inox-accueil\/?s={search_term_string}\"},\"query-input\":{\"@type\":\"PropertyValueSpecification\",\"valueRequired\":true,\"valueName\":\"search_term_string\"}}],\"inLanguage\":\"fr-FR\"}]}<\/script>\n<!-- \/ Yoast SEO plugin. -->","yoast_head_json":{"title":"Cone Imhoff - TIM INOX","description":"Nous r\u00e9alisons sur mesure des \u00e9l\u00e9ments de fabrication pour c\u00f4ne imhoff en aluminium. Ces c\u00f4nes imhoff sont install\u00e9s dans des d\u00e9canteur-digesteurs de.......","robots":{"index":"index","follow":"follow","max-snippet":"max-snippet:-1","max-image-preview":"max-image-preview:large","max-video-preview":"max-video-preview:-1"},"canonical":"https:\/\/www.timinox.com\/tim-inox-accueil\/cone-imhoff\/","og_locale":"fr_FR","og_type":"article","og_title":"Cone Imhoff - TIM INOX","og_description":"Nous r\u00e9alisons sur mesure des \u00e9l\u00e9ments de fabrication pour c\u00f4ne imhoff en aluminium. Ces c\u00f4nes imhoff sont install\u00e9s dans des d\u00e9canteur-digesteurs de.......","og_url":"https:\/\/www.timinox.com\/tim-inox-accueil\/cone-imhoff\/","og_site_name":"TIM INOX","article_modified_time":"2021-10-07T11:55:03+00:00","og_image":[{"url":"https:\/\/www.timinox.com\/wp-content\/uploads\/2019\/07\/IMG_3307-1-1-1-1-1-300x300.jpg","type":"","width":"","height":""}],"twitter_card":"summary_large_image","twitter_misc":{"Dur\u00e9e de lecture estim\u00e9e":"3 minutes"},"schema":{"@context":"https:\/\/schema.org","@graph":[{"@type":"WebPage","@id":"https:\/\/www.timinox.com\/tim-inox-accueil\/cone-imhoff\/","url":"https:\/\/www.timinox.com\/tim-inox-accueil\/cone-imhoff\/","name":"Cone Imhoff - TIM INOX","isPartOf":{"@id":"https:\/\/www.timinox.com\/tim-inox-accueil\/#website"},"primaryImageOfPage":{"@id":"https:\/\/www.timinox.com\/tim-inox-accueil\/cone-imhoff\/#primaryimage"},"image":{"@id":"https:\/\/www.timinox.com\/tim-inox-accueil\/cone-imhoff\/#primaryimage"},"thumbnailUrl":"https:\/\/www.timinox.com\/wp-content\/uploads\/2019\/07\/IMG_3307-1-1-1-1-1-300x300.jpg","datePublished":"2019-05-13T09:22:46+00:00","dateModified":"2021-10-07T11:55:03+00:00","description":"Nous r\u00e9alisons sur mesure des \u00e9l\u00e9ments de fabrication pour c\u00f4ne imhoff en aluminium. Ces c\u00f4nes imhoff sont install\u00e9s dans des d\u00e9canteur-digesteurs de.......","breadcrumb":{"@id":"https:\/\/www.timinox.com\/tim-inox-accueil\/cone-imhoff\/#breadcrumb"},"inLanguage":"fr-FR","potentialAction":[{"@type":"ReadAction","target":["https:\/\/www.timinox.com\/tim-inox-accueil\/cone-imhoff\/"]}]},{"@type":"ImageObject","inLanguage":"fr-FR","@id":"https:\/\/www.timinox.com\/tim-inox-accueil\/cone-imhoff\/#primaryimage","url":"https:\/\/www.timinox.com\/wp-content\/uploads\/2019\/07\/IMG_3307-1-1-1-1-1-300x300.jpg","contentUrl":"https:\/\/www.timinox.com\/wp-content\/uploads\/2019\/07\/IMG_3307-1-1-1-1-1-300x300.jpg"},{"@type":"BreadcrumbList","@id":"https:\/\/www.timinox.com\/tim-inox-accueil\/cone-imhoff\/#breadcrumb","itemListElement":[{"@type":"ListItem","position":1,"name":"Accueil","item":"https:\/\/www.timinox.com\/tim-inox-accueil\/"},{"@type":"ListItem","position":2,"name":"Cone Imhoff"}]},{"@type":"WebSite","@id":"https:\/\/www.timinox.com\/tim-inox-accueil\/#website","url":"https:\/\/www.timinox.com\/tim-inox-accueil\/","name":"TIM INOX","description":"Ce qui se con\u00e7oit bien, se soude facilement","potentialAction":[{"@type":"SearchAction","target":{"@type":"EntryPoint","urlTemplate":"https:\/\/www.timinox.com\/tim-inox-accueil\/?s={search_term_string}"},"query-input":{"@type":"PropertyValueSpecification","valueRequired":true,"valueName":"search_term_string"}}],"inLanguage":"fr-FR"}]}},"_links":{"self":[{"href":"https:\/\/www.timinox.com\/tim-inox-accueil\/wp-json\/wp\/v2\/pages\/168","targetHints":{"allow":["GET"]}}],"collection":[{"href":"https:\/\/www.timinox.com\/tim-inox-accueil\/wp-json\/wp\/v2\/pages"}],"about":[{"href":"https:\/\/www.timinox.com\/tim-inox-accueil\/wp-json\/wp\/v2\/types\/page"}],"author":[{"embeddable":true,"href":"https:\/\/www.timinox.com\/tim-inox-accueil\/wp-json\/wp\/v2\/users\/1"}],"replies":[{"embeddable":true,"href":"https:\/\/www.timinox.com\/tim-inox-accueil\/wp-json\/wp\/v2\/comments?post=168"}],"version-history":[{"count":25,"href":"https:\/\/www.timinox.com\/tim-inox-accueil\/wp-json\/wp\/v2\/pages\/168\/revisions"}],"predecessor-version":[{"id":2039,"href":"https:\/\/www.timinox.com\/tim-inox-accueil\/wp-json\/wp\/v2\/pages\/168\/revisions\/2039"}],"wp:attachment":[{"href":"https:\/\/www.timinox.com\/tim-inox-accueil\/wp-json\/wp\/v2\/media?parent=168"}],"curies":[{"name":"wp","href":"https:\/\/api.w.org\/{rel}","templated":true}]}}