{"id":162,"date":"2019-05-13T11:21:44","date_gmt":"2019-05-13T09:21:44","guid":{"rendered":"https:\/\/www.timinox.com\/?page_id=162"},"modified":"2021-04-27T14:30:10","modified_gmt":"2021-04-27T12:30:10","slug":"securite-et-acces","status":"publish","type":"page","link":"https:\/\/www.timinox.com\/tim-inox-accueil\/securite-et-acces\/","title":{"rendered":"S\u00e9curit\u00e9 et Acc\u00e8s"},"content":{"rendered":"\t\t<div data-elementor-type=\"wp-post\" data-elementor-id=\"162\" class=\"elementor elementor-162\">\n\t\t\t\t\t\t<section class=\"elementor-section elementor-top-section elementor-element elementor-element-ff2c623 elementor-section-boxed elementor-section-height-default elementor-section-height-default\" data-id=\"ff2c623\" data-element_type=\"section\" data-e-type=\"section\">\n\t\t\t\t\t\t<div class=\"elementor-container elementor-column-gap-default\">\n\t\t\t\t\t<div class=\"elementor-column elementor-col-100 elementor-top-column elementor-element elementor-element-b9d1bb5\" data-id=\"b9d1bb5\" data-element_type=\"column\" data-e-type=\"column\">\n\t\t\t<div class=\"elementor-widget-wrap elementor-element-populated\">\n\t\t\t\t\t\t<div class=\"elementor-element elementor-element-4f39981 elementor-widget elementor-widget-heading\" data-id=\"4f39981\" data-element_type=\"widget\" data-e-type=\"widget\" data-widget_type=\"heading.default\">\n\t\t\t\t<div class=\"elementor-widget-container\">\n\t\t\t\t\t<h1 class=\"elementor-heading-title elementor-size-default\">Acc\u00e8s et s\u00e9curit\u00e9<\/h1>\t\t\t\t<\/div>\n\t\t\t\t<\/div>\n\t\t\t\t\t<\/div>\n\t\t<\/div>\n\t\t\t\t\t<\/div>\n\t\t<\/section>\n\t\t\t\t<section class=\"elementor-section elementor-top-section elementor-element elementor-element-d691f65 elementor-section-boxed elementor-section-height-default elementor-section-height-default\" data-id=\"d691f65\" data-element_type=\"section\" data-e-type=\"section\">\n\t\t\t\t\t\t<div class=\"elementor-container elementor-column-gap-default\">\n\t\t\t\t\t<div class=\"elementor-column elementor-col-100 elementor-top-column elementor-element elementor-element-b300c80\" data-id=\"b300c80\" data-element_type=\"column\" data-e-type=\"column\">\n\t\t\t<div class=\"elementor-widget-wrap elementor-element-populated\">\n\t\t\t\t\t\t<div class=\"elementor-element elementor-element-9864afe elementor-widget elementor-widget-text-editor\" data-id=\"9864afe\" data-element_type=\"widget\" data-e-type=\"widget\" data-widget_type=\"text-editor.default\">\n\t\t\t\t<div class=\"elementor-widget-container\">\n\t\t\t\t\t\t\t\t\t<p>TIM INOX r\u00e9alise sur mesure l&rsquo;ensemble des \u00e9l\u00e9ments, aluminium ou inox, n\u00e9cessaires \u00e0 l&rsquo;<em><strong><span style=\"color: #ff0000;\">acc\u00e8s et la s\u00e9curit\u00e9<\/span><\/strong><\/em> sur les lieux industriels.<\/p>\t\t\t\t\t\t\t\t<\/div>\n\t\t\t\t<\/div>\n\t\t\t\t\t<\/div>\n\t\t<\/div>\n\t\t\t\t\t<\/div>\n\t\t<\/section>\n\t\t\t\t<section class=\"elementor-section elementor-top-section elementor-element elementor-element-3a414e9 elementor-section-stretched elementor-section-boxed elementor-section-height-default elementor-section-height-default\" data-id=\"3a414e9\" data-element_type=\"section\" data-e-type=\"section\" data-settings=\"{&quot;stretch_section&quot;:&quot;section-stretched&quot;,&quot;background_background&quot;:&quot;classic&quot;,&quot;shape_divider_top&quot;:&quot;arrow&quot;}\">\n\t\t\t\t\t<div class=\"elementor-shape elementor-shape-top\" aria-hidden=\"true\" data-negative=\"false\">\n\t\t\t<svg xmlns=\"http:\/\/www.w3.org\/2000\/svg\" viewBox=\"0 0 700 10\" preserveAspectRatio=\"none\">\n\t<path class=\"elementor-shape-fill\" d=\"M350,10L340,0h20L350,10z\"\/>\n<\/svg>\t\t<\/div>\n\t\t\t\t\t<div class=\"elementor-container elementor-column-gap-default\">\n\t\t\t\t\t<div class=\"elementor-column elementor-col-100 elementor-top-column elementor-element elementor-element-e84824a\" data-id=\"e84824a\" data-element_type=\"column\" data-e-type=\"column\">\n\t\t\t<div class=\"elementor-widget-wrap elementor-element-populated\">\n\t\t\t\t\t\t<div class=\"elementor-element elementor-element-cacc243 elementor-arrows-position-inside elementor-pagination-position-outside elementor-widget elementor-widget-image-carousel\" data-id=\"cacc243\" data-element_type=\"widget\" data-e-type=\"widget\" data-settings=\"{&quot;slides_to_show&quot;:&quot;3&quot;,&quot;autoplay_speed&quot;:4000,&quot;navigation&quot;:&quot;both&quot;,&quot;autoplay&quot;:&quot;yes&quot;,&quot;pause_on_hover&quot;:&quot;yes&quot;,&quot;pause_on_interaction&quot;:&quot;yes&quot;,&quot;infinite&quot;:&quot;yes&quot;,&quot;speed&quot;:500}\" data-widget_type=\"image-carousel.default\">\n\t\t\t\t<div class=\"elementor-widget-container\">\n\t\t\t\t\t\t\t<div class=\"elementor-image-carousel-wrapper swiper\" role=\"region\" aria-roledescription=\"carousel\" aria-label=\"Carrousel d\u2019images\" dir=\"ltr\">\n\t\t\t<div class=\"elementor-image-carousel swiper-wrapper\" aria-live=\"off\">\n\t\t\t\t\t\t\t\t<div class=\"swiper-slide\" role=\"group\" aria-roledescription=\"slide\" aria-label=\"1 sur 7\"><figure class=\"swiper-slide-inner\"><img decoding=\"async\" class=\"swiper-slide-image\" src=\"https:\/\/www.timinox.com\/wp-content\/uploads\/2019\/07\/IMG-5413-2-1-1-1-300x300.jpg\" alt=\"Photo garde-corps aluminium\" \/><\/figure><\/div><div class=\"swiper-slide\" role=\"group\" aria-roledescription=\"slide\" aria-label=\"2 sur 7\"><figure class=\"swiper-slide-inner\"><img decoding=\"async\" class=\"swiper-slide-image\" src=\"https:\/\/www.timinox.com\/wp-content\/uploads\/2019\/07\/IMG_3038-1-1-1-300x300.jpg\" alt=\"photo \u00e9chelle avec crinoline\" \/><\/figure><\/div><div class=\"swiper-slide\" role=\"group\" aria-roledescription=\"slide\" aria-label=\"3 sur 7\"><figure class=\"swiper-slide-inner\"><img decoding=\"async\" class=\"swiper-slide-image\" src=\"https:\/\/www.timinox.com\/wp-content\/uploads\/2019\/06\/casa.recadre1024x1024-300x300.jpg\" alt=\"Photo station d&#039;\u00e9puration de chateaux Arnoux\" \/><\/figure><\/div><div class=\"swiper-slide\" role=\"group\" aria-roledescription=\"slide\" aria-label=\"4 sur 7\"><figure class=\"swiper-slide-inner\"><img decoding=\"async\" class=\"swiper-slide-image\" src=\"https:\/\/www.timinox.com\/wp-content\/uploads\/2019\/06\/portillon.crosse.300x300-300x300.jpg\" alt=\"Photo \u00e9chelle avec crosse fixe et portillon de securit\u00e9\" \/><\/figure><\/div><div class=\"swiper-slide\" role=\"group\" aria-roledescription=\"slide\" aria-label=\"5 sur 7\"><figure class=\"swiper-slide-inner\"><img decoding=\"async\" class=\"swiper-slide-image\" src=\"https:\/\/www.timinox.com\/wp-content\/uploads\/2019\/05\/Acces.compresse.recadre520x520-300x300.jpg\" alt=\"Photo escalier aluminium\" \/><\/figure><\/div><div class=\"swiper-slide\" role=\"group\" aria-roledescription=\"slide\" aria-label=\"6 sur 7\"><figure class=\"swiper-slide-inner\"><img decoding=\"async\" class=\"swiper-slide-image\" src=\"https:\/\/www.timinox.com\/wp-content\/uploads\/2020\/01\/escalier-300x300.jpg\" alt=\"Photo de l&#039;escalier de la station d&#039;\u00e9puration de Bourg d&#039;Oisans\" \/><\/figure><\/div><div class=\"swiper-slide\" role=\"group\" aria-roledescription=\"slide\" aria-label=\"7 sur 7\"><figure class=\"swiper-slide-inner\"><img decoding=\"async\" class=\"swiper-slide-image\" src=\"https:\/\/www.timinox.com\/wp-content\/uploads\/2020\/01\/IMG_2473-1-1-300x300.jpg\" alt=\"Photo garde-corps aluminium sur rampe d&#039;acc\u00e8s b\u00e9ton\" \/><\/figure><\/div>\t\t\t<\/div>\n\t\t\t\t\t\t\t\t\t\t\t\t<div class=\"elementor-swiper-button elementor-swiper-button-prev\" role=\"button\" tabindex=\"0\">\n\t\t\t\t\t\t<i aria-hidden=\"true\" class=\"eicon-chevron-left\"><\/i>\t\t\t\t\t<\/div>\n\t\t\t\t\t<div class=\"elementor-swiper-button elementor-swiper-button-next\" role=\"button\" tabindex=\"0\">\n\t\t\t\t\t\t<i aria-hidden=\"true\" class=\"eicon-chevron-right\"><\/i>\t\t\t\t\t<\/div>\n\t\t\t\t\n\t\t\t\t\t\t\t\t\t<div class=\"swiper-pagination\"><\/div>\n\t\t\t\t\t\t\t\t\t<\/div>\n\t\t\t\t\t\t<\/div>\n\t\t\t\t<\/div>\n\t\t\t\t\t<\/div>\n\t\t<\/div>\n\t\t\t\t\t<\/div>\n\t\t<\/section>\n\t\t\t\t<section class=\"elementor-section elementor-top-section elementor-element elementor-element-93a695b elementor-section-stretched elementor-section-boxed elementor-section-height-default elementor-section-height-default\" data-id=\"93a695b\" data-element_type=\"section\" data-e-type=\"section\" data-settings=\"{&quot;stretch_section&quot;:&quot;section-stretched&quot;,&quot;background_background&quot;:&quot;classic&quot;}\">\n\t\t\t\t\t\t<div class=\"elementor-container elementor-column-gap-default\">\n\t\t\t\t\t<div class=\"elementor-column elementor-col-100 elementor-top-column elementor-element elementor-element-182d852\" data-id=\"182d852\" data-element_type=\"column\" data-e-type=\"column\">\n\t\t\t<div class=\"elementor-widget-wrap elementor-element-populated\">\n\t\t\t\t\t\t<div class=\"elementor-element elementor-element-c0ab269 elementor-widget elementor-widget-text-editor\" data-id=\"c0ab269\" data-element_type=\"widget\" data-e-type=\"widget\" data-widget_type=\"text-editor.default\">\n\t\t\t\t<div class=\"elementor-widget-container\">\n\t\t\t\t\t\t\t\t\t<p>Notre m\u00e9thode de conception <strong><em><span style=\"color: #ff0000;\">sur-mesure<\/span><\/em><\/strong> permet de fabriquer les \u00e9l\u00e9ments d&rsquo;acc\u00e8s et de s\u00e9curit\u00e9 <em><strong><span style=\"color: #ff0000;\">adapt\u00e9s \u00e0 toutes les configurations<\/span><\/strong><\/em> et ainsi de <em><strong><span style=\"color: #ff0000;\">satisfaire les besoins de nos clients<\/span><\/strong><\/em>.<\/p><ul><li>Gardes-corps sur rampe b\u00e9ton<\/li><li>Echelle d&rsquo;acc\u00e8s avec crosse fixe et portillon de s\u00e9curit\u00e9<\/li><li>Escalier de liaison entre diff\u00e9rents ouvrages<\/li><li>Plateforme d&rsquo;acc\u00e8s\u00a0<\/li><\/ul>\t\t\t\t\t\t\t\t<\/div>\n\t\t\t\t<\/div>\n\t\t\t\t\t<\/div>\n\t\t<\/div>\n\t\t\t\t\t<\/div>\n\t\t<\/section>\n\t\t\t\t<section class=\"elementor-section elementor-top-section elementor-element elementor-element-0aba121 elementor-section-full_width elementor-section-stretched elementor-section-height-default elementor-section-height-default\" data-id=\"0aba121\" data-element_type=\"section\" data-e-type=\"section\" data-settings=\"{&quot;stretch_section&quot;:&quot;section-stretched&quot;,&quot;shape_divider_top&quot;:&quot;arrow&quot;}\">\n\t\t\t\t\t<div class=\"elementor-shape elementor-shape-top\" aria-hidden=\"true\" data-negative=\"false\">\n\t\t\t<svg xmlns=\"http:\/\/www.w3.org\/2000\/svg\" viewBox=\"0 0 700 10\" preserveAspectRatio=\"none\">\n\t<path class=\"elementor-shape-fill\" d=\"M350,10L340,0h20L350,10z\"\/>\n<\/svg>\t\t<\/div>\n\t\t\t\t\t<div class=\"elementor-container elementor-column-gap-default\">\n\t\t\t\t\t<div class=\"elementor-column elementor-col-100 elementor-top-column elementor-element elementor-element-1731f37\" data-id=\"1731f37\" data-element_type=\"column\" data-e-type=\"column\">\n\t\t\t<div class=\"elementor-widget-wrap elementor-element-populated\">\n\t\t\t\t\t\t<div class=\"elementor-element elementor-element-3130f9f elementor-widget elementor-widget-text-editor\" data-id=\"3130f9f\" data-element_type=\"widget\" data-e-type=\"widget\" data-widget_type=\"text-editor.default\">\n\t\t\t\t<div class=\"elementor-widget-container\">\n\t\t\t\t\t\t\t\t\t<p>\u00a0<\/p><p>\u00a0<\/p>\t\t\t\t\t\t\t\t<\/div>\n\t\t\t\t<\/div>\n\t\t\t\t\t<\/div>\n\t\t<\/div>\n\t\t\t\t\t<\/div>\n\t\t<\/section>\n\t\t\t\t<\/div>\n\t\t","protected":false},"excerpt":{"rendered":"<p>Acc\u00e8s et s\u00e9curit\u00e9 TIM INOX r\u00e9alise sur mesure l&rsquo;ensemble des \u00e9l\u00e9ments, aluminium ou inox, n\u00e9cessaires \u00e0 l&rsquo;acc\u00e8s et la s\u00e9curit\u00e9 sur les [&hellip;]<\/p>\n","protected":false},"author":1,"featured_media":0,"parent":0,"menu_order":0,"comment_status":"closed","ping_status":"closed","template":"elementor_header_footer","meta":{"_exactmetrics_skip_tracking":false,"_exactmetrics_sitenote_active":false,"_exactmetrics_sitenote_note":"","_exactmetrics_sitenote_category":0,"footnotes":""},"class_list":["post-162","page","type-page","status-publish","hentry"],"yoast_head":"<!-- This site is optimized with the Yoast SEO plugin v27.1.1 - https:\/\/yoast.com\/product\/yoast-seo-wordpress\/ -->\n<title>S\u00e9curit\u00e9 et Acc\u00e8s - TIM INOX<\/title>\n<meta name=\"description\" content=\"Notre m\u00e9thode de conception sur-mesure permet de fabriquer les \u00e9l\u00e9ments d&#039;acc\u00e8s et de s\u00e9curit\u00e9 adapt\u00e9s \u00e0 toutes les configuration et ainsi de satisfaire....\" \/>\n<meta name=\"robots\" content=\"index, follow, max-snippet:-1, max-image-preview:large, max-video-preview:-1\" \/>\n<link rel=\"canonical\" href=\"https:\/\/www.timinox.com\/tim-inox-accueil\/securite-et-acces\/\" \/>\n<meta property=\"og:locale\" content=\"fr_FR\" \/>\n<meta property=\"og:type\" content=\"article\" \/>\n<meta property=\"og:title\" content=\"S\u00e9curit\u00e9 et Acc\u00e8s - TIM INOX\" \/>\n<meta property=\"og:description\" content=\"Notre m\u00e9thode de conception sur-mesure permet de fabriquer les \u00e9l\u00e9ments d&#039;acc\u00e8s et de s\u00e9curit\u00e9 adapt\u00e9s \u00e0 toutes les configuration et ainsi de satisfaire....\" \/>\n<meta property=\"og:url\" content=\"https:\/\/www.timinox.com\/tim-inox-accueil\/securite-et-acces\/\" \/>\n<meta property=\"og:site_name\" content=\"TIM INOX\" \/>\n<meta property=\"article:modified_time\" content=\"2021-04-27T12:30:10+00:00\" \/>\n<meta property=\"og:image\" content=\"https:\/\/www.timinox.com\/wp-content\/uploads\/2019\/07\/IMG-5413-2-1-1-1-300x300.jpg\" \/>\n<meta name=\"twitter:card\" content=\"summary_large_image\" \/>\n<meta name=\"twitter:label1\" content=\"Dur\u00e9e de lecture estim\u00e9e\" \/>\n\t<meta name=\"twitter:data1\" content=\"3 minutes\" \/>\n<script type=\"application\/ld+json\" class=\"yoast-schema-graph\">{\"@context\":\"https:\/\/schema.org\",\"@graph\":[{\"@type\":\"WebPage\",\"@id\":\"https:\/\/www.timinox.com\/tim-inox-accueil\/securite-et-acces\/\",\"url\":\"https:\/\/www.timinox.com\/tim-inox-accueil\/securite-et-acces\/\",\"name\":\"S\u00e9curit\u00e9 et Acc\u00e8s - TIM INOX\",\"isPartOf\":{\"@id\":\"https:\/\/www.timinox.com\/tim-inox-accueil\/#website\"},\"primaryImageOfPage\":{\"@id\":\"https:\/\/www.timinox.com\/tim-inox-accueil\/securite-et-acces\/#primaryimage\"},\"image\":{\"@id\":\"https:\/\/www.timinox.com\/tim-inox-accueil\/securite-et-acces\/#primaryimage\"},\"thumbnailUrl\":\"https:\/\/www.timinox.com\/wp-content\/uploads\/2019\/07\/IMG-5413-2-1-1-1-300x300.jpg\",\"datePublished\":\"2019-05-13T09:21:44+00:00\",\"dateModified\":\"2021-04-27T12:30:10+00:00\",\"description\":\"Notre m\u00e9thode de conception sur-mesure permet de fabriquer les \u00e9l\u00e9ments d'acc\u00e8s et de s\u00e9curit\u00e9 adapt\u00e9s \u00e0 toutes les configuration et ainsi de satisfaire....\",\"breadcrumb\":{\"@id\":\"https:\/\/www.timinox.com\/tim-inox-accueil\/securite-et-acces\/#breadcrumb\"},\"inLanguage\":\"fr-FR\",\"potentialAction\":[{\"@type\":\"ReadAction\",\"target\":[\"https:\/\/www.timinox.com\/tim-inox-accueil\/securite-et-acces\/\"]}]},{\"@type\":\"ImageObject\",\"inLanguage\":\"fr-FR\",\"@id\":\"https:\/\/www.timinox.com\/tim-inox-accueil\/securite-et-acces\/#primaryimage\",\"url\":\"https:\/\/www.timinox.com\/wp-content\/uploads\/2019\/07\/IMG-5413-2-1-1-1-300x300.jpg\",\"contentUrl\":\"https:\/\/www.timinox.com\/wp-content\/uploads\/2019\/07\/IMG-5413-2-1-1-1-300x300.jpg\"},{\"@type\":\"BreadcrumbList\",\"@id\":\"https:\/\/www.timinox.com\/tim-inox-accueil\/securite-et-acces\/#breadcrumb\",\"itemListElement\":[{\"@type\":\"ListItem\",\"position\":1,\"name\":\"Accueil\",\"item\":\"https:\/\/www.timinox.com\/tim-inox-accueil\/\"},{\"@type\":\"ListItem\",\"position\":2,\"name\":\"S\u00e9curit\u00e9 et Acc\u00e8s\"}]},{\"@type\":\"WebSite\",\"@id\":\"https:\/\/www.timinox.com\/tim-inox-accueil\/#website\",\"url\":\"https:\/\/www.timinox.com\/tim-inox-accueil\/\",\"name\":\"TIM INOX\",\"description\":\"Ce qui se con\u00e7oit bien, se soude facilement\",\"potentialAction\":[{\"@type\":\"SearchAction\",\"target\":{\"@type\":\"EntryPoint\",\"urlTemplate\":\"https:\/\/www.timinox.com\/tim-inox-accueil\/?s={search_term_string}\"},\"query-input\":{\"@type\":\"PropertyValueSpecification\",\"valueRequired\":true,\"valueName\":\"search_term_string\"}}],\"inLanguage\":\"fr-FR\"}]}<\/script>\n<!-- \/ Yoast SEO plugin. -->","yoast_head_json":{"title":"S\u00e9curit\u00e9 et Acc\u00e8s - TIM INOX","description":"Notre m\u00e9thode de conception sur-mesure permet de fabriquer les \u00e9l\u00e9ments d'acc\u00e8s et de s\u00e9curit\u00e9 adapt\u00e9s \u00e0 toutes les configuration et ainsi de satisfaire....","robots":{"index":"index","follow":"follow","max-snippet":"max-snippet:-1","max-image-preview":"max-image-preview:large","max-video-preview":"max-video-preview:-1"},"canonical":"https:\/\/www.timinox.com\/tim-inox-accueil\/securite-et-acces\/","og_locale":"fr_FR","og_type":"article","og_title":"S\u00e9curit\u00e9 et Acc\u00e8s - TIM INOX","og_description":"Notre m\u00e9thode de conception sur-mesure permet de fabriquer les \u00e9l\u00e9ments d'acc\u00e8s et de s\u00e9curit\u00e9 adapt\u00e9s \u00e0 toutes les configuration et ainsi de satisfaire....","og_url":"https:\/\/www.timinox.com\/tim-inox-accueil\/securite-et-acces\/","og_site_name":"TIM INOX","article_modified_time":"2021-04-27T12:30:10+00:00","og_image":[{"url":"https:\/\/www.timinox.com\/wp-content\/uploads\/2019\/07\/IMG-5413-2-1-1-1-300x300.jpg","type":"","width":"","height":""}],"twitter_card":"summary_large_image","twitter_misc":{"Dur\u00e9e de lecture estim\u00e9e":"3 minutes"},"schema":{"@context":"https:\/\/schema.org","@graph":[{"@type":"WebPage","@id":"https:\/\/www.timinox.com\/tim-inox-accueil\/securite-et-acces\/","url":"https:\/\/www.timinox.com\/tim-inox-accueil\/securite-et-acces\/","name":"S\u00e9curit\u00e9 et Acc\u00e8s - TIM INOX","isPartOf":{"@id":"https:\/\/www.timinox.com\/tim-inox-accueil\/#website"},"primaryImageOfPage":{"@id":"https:\/\/www.timinox.com\/tim-inox-accueil\/securite-et-acces\/#primaryimage"},"image":{"@id":"https:\/\/www.timinox.com\/tim-inox-accueil\/securite-et-acces\/#primaryimage"},"thumbnailUrl":"https:\/\/www.timinox.com\/wp-content\/uploads\/2019\/07\/IMG-5413-2-1-1-1-300x300.jpg","datePublished":"2019-05-13T09:21:44+00:00","dateModified":"2021-04-27T12:30:10+00:00","description":"Notre m\u00e9thode de conception sur-mesure permet de fabriquer les \u00e9l\u00e9ments d'acc\u00e8s et de s\u00e9curit\u00e9 adapt\u00e9s \u00e0 toutes les configuration et ainsi de satisfaire....","breadcrumb":{"@id":"https:\/\/www.timinox.com\/tim-inox-accueil\/securite-et-acces\/#breadcrumb"},"inLanguage":"fr-FR","potentialAction":[{"@type":"ReadAction","target":["https:\/\/www.timinox.com\/tim-inox-accueil\/securite-et-acces\/"]}]},{"@type":"ImageObject","inLanguage":"fr-FR","@id":"https:\/\/www.timinox.com\/tim-inox-accueil\/securite-et-acces\/#primaryimage","url":"https:\/\/www.timinox.com\/wp-content\/uploads\/2019\/07\/IMG-5413-2-1-1-1-300x300.jpg","contentUrl":"https:\/\/www.timinox.com\/wp-content\/uploads\/2019\/07\/IMG-5413-2-1-1-1-300x300.jpg"},{"@type":"BreadcrumbList","@id":"https:\/\/www.timinox.com\/tim-inox-accueil\/securite-et-acces\/#breadcrumb","itemListElement":[{"@type":"ListItem","position":1,"name":"Accueil","item":"https:\/\/www.timinox.com\/tim-inox-accueil\/"},{"@type":"ListItem","position":2,"name":"S\u00e9curit\u00e9 et Acc\u00e8s"}]},{"@type":"WebSite","@id":"https:\/\/www.timinox.com\/tim-inox-accueil\/#website","url":"https:\/\/www.timinox.com\/tim-inox-accueil\/","name":"TIM INOX","description":"Ce qui se con\u00e7oit bien, se soude facilement","potentialAction":[{"@type":"SearchAction","target":{"@type":"EntryPoint","urlTemplate":"https:\/\/www.timinox.com\/tim-inox-accueil\/?s={search_term_string}"},"query-input":{"@type":"PropertyValueSpecification","valueRequired":true,"valueName":"search_term_string"}}],"inLanguage":"fr-FR"}]}},"_links":{"self":[{"href":"https:\/\/www.timinox.com\/tim-inox-accueil\/wp-json\/wp\/v2\/pages\/162","targetHints":{"allow":["GET"]}}],"collection":[{"href":"https:\/\/www.timinox.com\/tim-inox-accueil\/wp-json\/wp\/v2\/pages"}],"about":[{"href":"https:\/\/www.timinox.com\/tim-inox-accueil\/wp-json\/wp\/v2\/types\/page"}],"author":[{"embeddable":true,"href":"https:\/\/www.timinox.com\/tim-inox-accueil\/wp-json\/wp\/v2\/users\/1"}],"replies":[{"embeddable":true,"href":"https:\/\/www.timinox.com\/tim-inox-accueil\/wp-json\/wp\/v2\/comments?post=162"}],"version-history":[{"count":45,"href":"https:\/\/www.timinox.com\/tim-inox-accueil\/wp-json\/wp\/v2\/pages\/162\/revisions"}],"predecessor-version":[{"id":1855,"href":"https:\/\/www.timinox.com\/tim-inox-accueil\/wp-json\/wp\/v2\/pages\/162\/revisions\/1855"}],"wp:attachment":[{"href":"https:\/\/www.timinox.com\/tim-inox-accueil\/wp-json\/wp\/v2\/media?parent=162"}],"curies":[{"name":"wp","href":"https:\/\/api.w.org\/{rel}","templated":true}]}}