{"id":145,"date":"2019-05-13T09:59:30","date_gmt":"2019-05-13T07:59:30","guid":{"rendered":"https:\/\/www.timinox.com\/?page_id=145"},"modified":"2021-10-07T13:55:43","modified_gmt":"2021-10-07T11:55:43","slug":"elements-de-design","status":"publish","type":"page","link":"https:\/\/www.timinox.com\/tim-inox-accueil\/elements-de-design\/","title":{"rendered":"Design"},"content":{"rendered":"\t\t<div data-elementor-type=\"wp-post\" data-elementor-id=\"145\" class=\"elementor elementor-145\">\n\t\t\t\t\t\t<section class=\"elementor-section elementor-top-section elementor-element elementor-element-8585951 elementor-section-boxed elementor-section-height-default elementor-section-height-default\" data-id=\"8585951\" data-element_type=\"section\" data-e-type=\"section\">\n\t\t\t\t\t\t<div class=\"elementor-container elementor-column-gap-default\">\n\t\t\t\t\t<div class=\"elementor-column elementor-col-100 elementor-top-column elementor-element elementor-element-3a925ee\" data-id=\"3a925ee\" data-element_type=\"column\" data-e-type=\"column\">\n\t\t\t<div class=\"elementor-widget-wrap elementor-element-populated\">\n\t\t\t\t\t\t<div class=\"elementor-element elementor-element-3e6c93f elementor-widget elementor-widget-heading\" data-id=\"3e6c93f\" data-element_type=\"widget\" data-e-type=\"widget\" data-widget_type=\"heading.default\">\n\t\t\t\t<div class=\"elementor-widget-container\">\n\t\t\t\t\t<h1 class=\"elementor-heading-title elementor-size-default\">Fabrication sur mesure d'\u00e9l\u00e9ments design en aluminium ou inox<\/h1>\t\t\t\t<\/div>\n\t\t\t\t<\/div>\n\t\t\t\t\t<\/div>\n\t\t<\/div>\n\t\t\t\t\t<\/div>\n\t\t<\/section>\n\t\t\t\t<section class=\"elementor-section elementor-top-section elementor-element elementor-element-9d8530c elementor-section-stretched elementor-section-boxed elementor-section-height-default elementor-section-height-default\" data-id=\"9d8530c\" data-element_type=\"section\" data-e-type=\"section\" data-settings=\"{&quot;stretch_section&quot;:&quot;section-stretched&quot;,&quot;background_background&quot;:&quot;classic&quot;,&quot;shape_divider_top&quot;:&quot;arrow&quot;}\">\n\t\t\t\t\t<div class=\"elementor-shape elementor-shape-top\" aria-hidden=\"true\" data-negative=\"false\">\n\t\t\t<svg xmlns=\"http:\/\/www.w3.org\/2000\/svg\" viewBox=\"0 0 700 10\" preserveAspectRatio=\"none\">\n\t<path class=\"elementor-shape-fill\" d=\"M350,10L340,0h20L350,10z\"\/>\n<\/svg>\t\t<\/div>\n\t\t\t\t\t<div class=\"elementor-container elementor-column-gap-default\">\n\t\t\t\t\t<div class=\"elementor-column elementor-col-100 elementor-top-column elementor-element elementor-element-819c2bb\" data-id=\"819c2bb\" data-element_type=\"column\" data-e-type=\"column\">\n\t\t\t<div class=\"elementor-widget-wrap elementor-element-populated\">\n\t\t\t\t\t\t<div class=\"elementor-element elementor-element-e048f7f elementor-widget elementor-widget-text-editor\" data-id=\"e048f7f\" data-element_type=\"widget\" data-e-type=\"widget\" data-widget_type=\"text-editor.default\">\n\t\t\t\t<div class=\"elementor-widget-container\">\n\t\t\t\t\t\t\t\t\t<p style=\"text-align: justify;\">TIM INOX con\u00e7oit des \u00e9l\u00e9ments de <strong><span style=\"color: #ff0000;\"><em>design sur mesure<\/em><\/span><\/strong>, de diff\u00e9rentes formes, mati\u00e8re aluminium ou inox, tr\u00e8s grand choix de couleur suivant RAL.<\/p>\n<ul>\n<li>\u00c9l\u00e9ments de design<\/li>\n<li>Rampe, garde-corps<\/li>\n<li>Escaliers<\/li>\n<li>Portail<\/li>\n<li>Garde-corps et passerelle en verre<\/li>\n<li>Porte<\/li>\n<li>T\u00eate de lit<\/li>\n<\/ul>\t\t\t\t\t\t\t\t<\/div>\n\t\t\t\t<\/div>\n\t\t\t\t\t<\/div>\n\t\t<\/div>\n\t\t\t\t\t<\/div>\n\t\t<\/section>\n\t\t\t\t<section class=\"elementor-section elementor-top-section elementor-element elementor-element-bfca8e3 elementor-section-stretched elementor-section-boxed elementor-section-height-default elementor-section-height-default\" data-id=\"bfca8e3\" data-element_type=\"section\" data-e-type=\"section\" data-settings=\"{&quot;background_background&quot;:&quot;classic&quot;,&quot;shape_divider_top&quot;:&quot;arrow&quot;,&quot;stretch_section&quot;:&quot;section-stretched&quot;}\">\n\t\t\t\t\t<div class=\"elementor-shape elementor-shape-top\" aria-hidden=\"true\" data-negative=\"false\">\n\t\t\t<svg xmlns=\"http:\/\/www.w3.org\/2000\/svg\" viewBox=\"0 0 700 10\" preserveAspectRatio=\"none\">\n\t<path class=\"elementor-shape-fill\" d=\"M350,10L340,0h20L350,10z\"\/>\n<\/svg>\t\t<\/div>\n\t\t\t\t\t<div class=\"elementor-container elementor-column-gap-default\">\n\t\t\t\t\t<div class=\"elementor-column elementor-col-100 elementor-top-column elementor-element elementor-element-ddf4ab4\" data-id=\"ddf4ab4\" data-element_type=\"column\" data-e-type=\"column\">\n\t\t\t<div class=\"elementor-widget-wrap elementor-element-populated\">\n\t\t\t\t\t\t<div class=\"elementor-element elementor-element-de9b1d7 elementor-arrows-position-inside elementor-pagination-position-outside elementor-widget elementor-widget-image-carousel\" data-id=\"de9b1d7\" data-element_type=\"widget\" data-e-type=\"widget\" data-settings=\"{&quot;slides_to_show&quot;:&quot;3&quot;,&quot;autoplay_speed&quot;:3000,&quot;navigation&quot;:&quot;both&quot;,&quot;autoplay&quot;:&quot;yes&quot;,&quot;pause_on_hover&quot;:&quot;yes&quot;,&quot;pause_on_interaction&quot;:&quot;yes&quot;,&quot;infinite&quot;:&quot;yes&quot;,&quot;speed&quot;:500}\" data-widget_type=\"image-carousel.default\">\n\t\t\t\t<div class=\"elementor-widget-container\">\n\t\t\t\t\t\t\t<div class=\"elementor-image-carousel-wrapper swiper\" role=\"region\" aria-roledescription=\"carousel\" aria-label=\"Carrousel d\u2019images\" dir=\"ltr\">\n\t\t\t<div class=\"elementor-image-carousel swiper-wrapper\" aria-live=\"off\">\n\t\t\t\t\t\t\t\t<div class=\"swiper-slide\" role=\"group\" aria-roledescription=\"slide\" aria-label=\"1 sur 23\"><figure class=\"swiper-slide-inner\"><img decoding=\"async\" class=\"swiper-slide-image\" src=\"https:\/\/www.timinox.com\/wp-content\/uploads\/2019\/05\/brise.soleil2.compresse.recadre.1024x1024-300x300.jpg\" alt=\"Photo Brise-soleil aluminium design sur pool house\" \/><\/figure><\/div><div class=\"swiper-slide\" role=\"group\" aria-roledescription=\"slide\" aria-label=\"2 sur 23\"><figure class=\"swiper-slide-inner\"><img decoding=\"async\" class=\"swiper-slide-image\" src=\"https:\/\/www.timinox.com\/wp-content\/uploads\/2019\/05\/rampe.compresse.recadre.1024x1024-300x300.jpg\" alt=\"Photo d&#039;une rampe pour mezzanine en aluminium aspect design\" \/><\/figure><\/div><div class=\"swiper-slide\" role=\"group\" aria-roledescription=\"slide\" aria-label=\"3 sur 23\"><figure class=\"swiper-slide-inner\"><img decoding=\"async\" class=\"swiper-slide-image\" src=\"https:\/\/www.timinox.com\/wp-content\/uploads\/2019\/05\/rampe2.compresse.1024x1024-300x300.jpg\" alt=\"Photo rampe escalier aluminium finition design\" \/><\/figure><\/div><div class=\"swiper-slide\" role=\"group\" aria-roledescription=\"slide\" aria-label=\"4 sur 23\"><figure class=\"swiper-slide-inner\"><img decoding=\"async\" class=\"swiper-slide-image\" src=\"https:\/\/www.timinox.com\/wp-content\/uploads\/2019\/05\/rampe3.compresse.redimensionne.recadre600x600-300x300.png\" alt=\"Photo rampe d&#039;escalier en pierre\" \/><\/figure><\/div><div class=\"swiper-slide\" role=\"group\" aria-roledescription=\"slide\" aria-label=\"5 sur 23\"><figure class=\"swiper-slide-inner\"><img decoding=\"async\" class=\"swiper-slide-image\" src=\"https:\/\/www.timinox.com\/wp-content\/uploads\/2019\/05\/Rampe4.compresse.redimensionne.recadre650x650-300x300.png\" alt=\"Photo rampe de s\u00e9curit\u00e9 en bordure de piscine\" \/><\/figure><\/div><div class=\"swiper-slide\" role=\"group\" aria-roledescription=\"slide\" aria-label=\"6 sur 23\"><figure class=\"swiper-slide-inner\"><img decoding=\"async\" class=\"swiper-slide-image\" src=\"https:\/\/www.timinox.com\/wp-content\/uploads\/2019\/06\/garde.corps_.design.balcon.300x300.compresse.jpg\" alt=\"Photo de garde-corps design pour balcon\" \/><\/figure><\/div><div class=\"swiper-slide\" role=\"group\" aria-roledescription=\"slide\" aria-label=\"7 sur 23\"><figure class=\"swiper-slide-inner\"><img decoding=\"async\" class=\"swiper-slide-image\" src=\"https:\/\/www.timinox.com\/wp-content\/uploads\/2019\/06\/drop-of-water-300x300.compresse.jpg\" alt=\"photo design de gouttes d&#039;eau sur de l&#039;inox\" \/><\/figure><\/div><div class=\"swiper-slide\" role=\"group\" aria-roledescription=\"slide\" aria-label=\"8 sur 23\"><figure class=\"swiper-slide-inner\"><img decoding=\"async\" class=\"swiper-slide-image\" src=\"https:\/\/www.timinox.com\/wp-content\/uploads\/2019\/06\/brise.soleil.300x300.compresse.jpg\" alt=\"Photo brise soleil design aluminium\" \/><\/figure><\/div><div class=\"swiper-slide\" role=\"group\" aria-roledescription=\"slide\" aria-label=\"9 sur 23\"><figure class=\"swiper-slide-inner\"><img decoding=\"async\" class=\"swiper-slide-image\" src=\"https:\/\/www.timinox.com\/wp-content\/uploads\/2019\/06\/miroir.300x300.compresse.jpg\" alt=\"Photo d&#039;un tube inox poli miroir design\" \/><\/figure><\/div><div class=\"swiper-slide\" role=\"group\" aria-roledescription=\"slide\" aria-label=\"10 sur 23\"><figure class=\"swiper-slide-inner\"><img decoding=\"async\" class=\"swiper-slide-image\" src=\"https:\/\/www.timinox.com\/wp-content\/uploads\/2019\/06\/mat.voile_.compresse.recadre-300x300.jpg\" alt=\"Photo de m\u00e2ts miroir pour voile d&#039;ombrage \u00e0 proximit\u00e9 d&#039;une piscine\" \/><\/figure><\/div><div class=\"swiper-slide\" role=\"group\" aria-roledescription=\"slide\" aria-label=\"11 sur 23\"><figure class=\"swiper-slide-inner\"><img decoding=\"async\" class=\"swiper-slide-image\" src=\"https:\/\/www.timinox.com\/wp-content\/uploads\/2019\/07\/IMG_2933-2-1-1-300x300.jpg\" alt=\"Photo brise soleil pour pool house\" \/><\/figure><\/div><div class=\"swiper-slide\" role=\"group\" aria-roledescription=\"slide\" aria-label=\"12 sur 23\"><figure class=\"swiper-slide-inner\"><img decoding=\"async\" class=\"swiper-slide-image\" src=\"https:\/\/www.timinox.com\/wp-content\/uploads\/2020\/01\/escalier-Christine-5-300x300.jpg\" alt=\"Photo d&#039;un escalier\" \/><\/figure><\/div><div class=\"swiper-slide\" role=\"group\" aria-roledescription=\"slide\" aria-label=\"13 sur 23\"><figure class=\"swiper-slide-inner\"><img decoding=\"async\" class=\"swiper-slide-image\" src=\"https:\/\/www.timinox.com\/wp-content\/uploads\/2020\/11\/passerelle-en-verre-1-1-1-1-1-300x300.jpg\" alt=\"photo d&#039;une passerelle en verre\" \/><\/figure><\/div><div class=\"swiper-slide\" role=\"group\" aria-roledescription=\"slide\" aria-label=\"14 sur 23\"><figure class=\"swiper-slide-inner\"><img decoding=\"async\" class=\"swiper-slide-image\" src=\"https:\/\/www.timinox.com\/wp-content\/uploads\/2020\/11\/photo-portail-site-n2-300x300.jpg\" alt=\"Photo d&#039;un portail\" \/><\/figure><\/div><div class=\"swiper-slide\" role=\"group\" aria-roledescription=\"slide\" aria-label=\"15 sur 23\"><figure class=\"swiper-slide-inner\"><img decoding=\"async\" class=\"swiper-slide-image\" src=\"https:\/\/www.timinox.com\/wp-content\/uploads\/2021\/03\/Escalier-5-1-300x300.jpg\" alt=\"Escalier (5)\" \/><\/figure><\/div><div class=\"swiper-slide\" role=\"group\" aria-roledescription=\"slide\" aria-label=\"16 sur 23\"><figure class=\"swiper-slide-inner\"><img decoding=\"async\" class=\"swiper-slide-image\" src=\"https:\/\/www.timinox.com\/wp-content\/uploads\/2021\/04\/Particulier-bancs-1-1-300x300.jpg\" alt=\"Particulier bancs (1)\" \/><\/figure><\/div><div class=\"swiper-slide\" role=\"group\" aria-roledescription=\"slide\" aria-label=\"17 sur 23\"><figure class=\"swiper-slide-inner\"><img decoding=\"async\" class=\"swiper-slide-image\" src=\"https:\/\/www.timinox.com\/wp-content\/uploads\/2021\/05\/Tete-de-lit-300x126.jpg\" alt=\"T\u00eate de lit\" \/><\/figure><\/div><div class=\"swiper-slide\" role=\"group\" aria-roledescription=\"slide\" aria-label=\"18 sur 23\"><figure class=\"swiper-slide-inner\"><img decoding=\"async\" class=\"swiper-slide-image\" src=\"https:\/\/www.timinox.com\/wp-content\/uploads\/2021\/05\/Porte-dentrere-225x300.jpg\" alt=\"Porte d&#039;entr\u00e9re\" \/><\/figure><\/div><div class=\"swiper-slide\" role=\"group\" aria-roledescription=\"slide\" aria-label=\"19 sur 23\"><figure class=\"swiper-slide-inner\"><img decoding=\"async\" class=\"swiper-slide-image\" src=\"https:\/\/www.timinox.com\/wp-content\/uploads\/2021\/05\/porte-vigne-2-223x300.jpg\" alt=\"porte vigne 2\" \/><\/figure><\/div><div class=\"swiper-slide\" role=\"group\" aria-roledescription=\"slide\" aria-label=\"20 sur 23\"><figure class=\"swiper-slide-inner\"><img decoding=\"async\" class=\"swiper-slide-image\" src=\"https:\/\/www.timinox.com\/wp-content\/uploads\/2021\/05\/porte-vigne-1-239x300.jpg\" alt=\"porte vigne 1\" \/><\/figure><\/div><div class=\"swiper-slide\" role=\"group\" aria-roledescription=\"slide\" aria-label=\"21 sur 23\"><figure class=\"swiper-slide-inner\"><img decoding=\"async\" class=\"swiper-slide-image\" src=\"https:\/\/www.timinox.com\/wp-content\/uploads\/2021\/06\/Resized_20210615_201549-002-1-300x225.jpg\" alt=\"Resized_20210615_201549 (002) (1)\" \/><\/figure><\/div><div class=\"swiper-slide\" role=\"group\" aria-roledescription=\"slide\" aria-label=\"22 sur 23\"><figure class=\"swiper-slide-inner\"><img decoding=\"async\" class=\"swiper-slide-image\" src=\"https:\/\/www.timinox.com\/wp-content\/uploads\/2021\/07\/Garde-corps-225x300.jpg\" alt=\"Garde-corps\" \/><\/figure><\/div><div class=\"swiper-slide\" role=\"group\" aria-roledescription=\"slide\" aria-label=\"23 sur 23\"><figure class=\"swiper-slide-inner\"><img decoding=\"async\" class=\"swiper-slide-image\" src=\"https:\/\/www.timinox.com\/wp-content\/uploads\/2021\/07\/Escalier-ROMAN-2-225x300.jpg\" alt=\"Escalier ROMAN 2\" \/><\/figure><\/div>\t\t\t<\/div>\n\t\t\t\t\t\t\t\t\t\t\t\t<div class=\"elementor-swiper-button elementor-swiper-button-prev\" role=\"button\" tabindex=\"0\">\n\t\t\t\t\t\t<i aria-hidden=\"true\" class=\"eicon-chevron-left\"><\/i>\t\t\t\t\t<\/div>\n\t\t\t\t\t<div class=\"elementor-swiper-button elementor-swiper-button-next\" role=\"button\" tabindex=\"0\">\n\t\t\t\t\t\t<i aria-hidden=\"true\" class=\"eicon-chevron-right\"><\/i>\t\t\t\t\t<\/div>\n\t\t\t\t\n\t\t\t\t\t\t\t\t\t<div class=\"swiper-pagination\"><\/div>\n\t\t\t\t\t\t\t\t\t<\/div>\n\t\t\t\t\t\t<\/div>\n\t\t\t\t<\/div>\n\t\t\t\t\t<\/div>\n\t\t<\/div>\n\t\t\t\t\t<\/div>\n\t\t<\/section>\n\t\t\t\t<section class=\"elementor-section elementor-top-section elementor-element elementor-element-0a38b32 elementor-section-full_width elementor-section-stretched elementor-section-height-default elementor-section-height-default\" data-id=\"0a38b32\" data-element_type=\"section\" data-e-type=\"section\" data-settings=\"{&quot;stretch_section&quot;:&quot;section-stretched&quot;,&quot;shape_divider_top&quot;:&quot;arrow&quot;}\">\n\t\t\t\t\t<div class=\"elementor-shape elementor-shape-top\" aria-hidden=\"true\" data-negative=\"false\">\n\t\t\t<svg xmlns=\"http:\/\/www.w3.org\/2000\/svg\" viewBox=\"0 0 700 10\" preserveAspectRatio=\"none\">\n\t<path class=\"elementor-shape-fill\" d=\"M350,10L340,0h20L350,10z\"\/>\n<\/svg>\t\t<\/div>\n\t\t\t\t\t<div class=\"elementor-container elementor-column-gap-default\">\n\t\t\t\t\t<div class=\"elementor-column elementor-col-100 elementor-top-column elementor-element elementor-element-2472ee9\" data-id=\"2472ee9\" data-element_type=\"column\" data-e-type=\"column\">\n\t\t\t<div class=\"elementor-widget-wrap elementor-element-populated\">\n\t\t\t\t\t\t<div class=\"elementor-element elementor-element-3489304 elementor-widget elementor-widget-text-editor\" data-id=\"3489304\" data-element_type=\"widget\" data-e-type=\"widget\" data-widget_type=\"text-editor.default\">\n\t\t\t\t<div class=\"elementor-widget-container\">\n\t\t\t\t\t\t\t\t\t<p>\u00a0<\/p><p>\u00a0<\/p>\t\t\t\t\t\t\t\t<\/div>\n\t\t\t\t<\/div>\n\t\t\t\t\t<\/div>\n\t\t<\/div>\n\t\t\t\t\t<\/div>\n\t\t<\/section>\n\t\t\t\t<\/div>\n\t\t","protected":false},"excerpt":{"rendered":"<p>Fabrication sur mesure d&rsquo;\u00e9l\u00e9ments design en aluminium ou inox TIM INOX con\u00e7oit des \u00e9l\u00e9ments de design sur mesure, de diff\u00e9rentes formes, mati\u00e8re [&hellip;]<\/p>\n","protected":false},"author":1,"featured_media":0,"parent":0,"menu_order":0,"comment_status":"closed","ping_status":"closed","template":"elementor_header_footer","meta":{"_exactmetrics_skip_tracking":false,"_exactmetrics_sitenote_active":false,"_exactmetrics_sitenote_note":"","_exactmetrics_sitenote_category":0,"footnotes":""},"class_list":["post-145","page","type-page","status-publish","hentry"],"yoast_head":"<!-- This site is optimized with the Yoast SEO plugin v27.1.1 - https:\/\/yoast.com\/product\/yoast-seo-wordpress\/ -->\n<title>Design - TIM INOX<\/title>\n<meta name=\"description\" content=\"TIM INOX r\u00e9alise sur mesure des \u00e9l\u00e9ments de design. Les r\u00e9alisations sont diverses en terme de forme, de mati\u00e8res, de finition et de couleurs.\" \/>\n<meta name=\"robots\" content=\"index, follow, max-snippet:-1, max-image-preview:large, max-video-preview:-1\" \/>\n<link rel=\"canonical\" href=\"https:\/\/www.timinox.com\/tim-inox-accueil\/elements-de-design\/\" \/>\n<meta property=\"og:locale\" content=\"fr_FR\" \/>\n<meta property=\"og:type\" content=\"article\" \/>\n<meta property=\"og:title\" content=\"Design - TIM INOX\" \/>\n<meta property=\"og:description\" content=\"TIM INOX r\u00e9alise sur mesure des \u00e9l\u00e9ments de design. Les r\u00e9alisations sont diverses en terme de forme, de mati\u00e8res, de finition et de couleurs.\" \/>\n<meta property=\"og:url\" content=\"https:\/\/www.timinox.com\/tim-inox-accueil\/elements-de-design\/\" \/>\n<meta property=\"og:site_name\" content=\"TIM INOX\" \/>\n<meta property=\"article:modified_time\" content=\"2021-10-07T11:55:43+00:00\" \/>\n<meta property=\"og:image\" content=\"https:\/\/www.timinox.com\/wp-content\/uploads\/2019\/05\/brise.soleil2.compresse.recadre.1024x1024-300x300.jpg\" \/>\n<meta name=\"twitter:card\" content=\"summary_large_image\" \/>\n<meta name=\"twitter:label1\" content=\"Dur\u00e9e de lecture estim\u00e9e\" \/>\n\t<meta name=\"twitter:data1\" content=\"7 minutes\" \/>\n<script type=\"application\/ld+json\" class=\"yoast-schema-graph\">{\"@context\":\"https:\/\/schema.org\",\"@graph\":[{\"@type\":\"WebPage\",\"@id\":\"https:\/\/www.timinox.com\/tim-inox-accueil\/elements-de-design\/\",\"url\":\"https:\/\/www.timinox.com\/tim-inox-accueil\/elements-de-design\/\",\"name\":\"Design - TIM INOX\",\"isPartOf\":{\"@id\":\"https:\/\/www.timinox.com\/tim-inox-accueil\/#website\"},\"primaryImageOfPage\":{\"@id\":\"https:\/\/www.timinox.com\/tim-inox-accueil\/elements-de-design\/#primaryimage\"},\"image\":{\"@id\":\"https:\/\/www.timinox.com\/tim-inox-accueil\/elements-de-design\/#primaryimage\"},\"thumbnailUrl\":\"https:\/\/www.timinox.com\/wp-content\/uploads\/2019\/05\/brise.soleil2.compresse.recadre.1024x1024-300x300.jpg\",\"datePublished\":\"2019-05-13T07:59:30+00:00\",\"dateModified\":\"2021-10-07T11:55:43+00:00\",\"description\":\"TIM INOX r\u00e9alise sur mesure des \u00e9l\u00e9ments de design. Les r\u00e9alisations sont diverses en terme de forme, de mati\u00e8res, de finition et de couleurs.\",\"breadcrumb\":{\"@id\":\"https:\/\/www.timinox.com\/tim-inox-accueil\/elements-de-design\/#breadcrumb\"},\"inLanguage\":\"fr-FR\",\"potentialAction\":[{\"@type\":\"ReadAction\",\"target\":[\"https:\/\/www.timinox.com\/tim-inox-accueil\/elements-de-design\/\"]}]},{\"@type\":\"ImageObject\",\"inLanguage\":\"fr-FR\",\"@id\":\"https:\/\/www.timinox.com\/tim-inox-accueil\/elements-de-design\/#primaryimage\",\"url\":\"https:\/\/www.timinox.com\/wp-content\/uploads\/2019\/05\/brise.soleil2.compresse.recadre.1024x1024-300x300.jpg\",\"contentUrl\":\"https:\/\/www.timinox.com\/wp-content\/uploads\/2019\/05\/brise.soleil2.compresse.recadre.1024x1024-300x300.jpg\"},{\"@type\":\"BreadcrumbList\",\"@id\":\"https:\/\/www.timinox.com\/tim-inox-accueil\/elements-de-design\/#breadcrumb\",\"itemListElement\":[{\"@type\":\"ListItem\",\"position\":1,\"name\":\"Accueil\",\"item\":\"https:\/\/www.timinox.com\/tim-inox-accueil\/\"},{\"@type\":\"ListItem\",\"position\":2,\"name\":\"Design\"}]},{\"@type\":\"WebSite\",\"@id\":\"https:\/\/www.timinox.com\/tim-inox-accueil\/#website\",\"url\":\"https:\/\/www.timinox.com\/tim-inox-accueil\/\",\"name\":\"TIM INOX\",\"description\":\"Ce qui se con\u00e7oit bien, se soude facilement\",\"potentialAction\":[{\"@type\":\"SearchAction\",\"target\":{\"@type\":\"EntryPoint\",\"urlTemplate\":\"https:\/\/www.timinox.com\/tim-inox-accueil\/?s={search_term_string}\"},\"query-input\":{\"@type\":\"PropertyValueSpecification\",\"valueRequired\":true,\"valueName\":\"search_term_string\"}}],\"inLanguage\":\"fr-FR\"}]}<\/script>\n<!-- \/ Yoast SEO plugin. -->","yoast_head_json":{"title":"Design - TIM INOX","description":"TIM INOX r\u00e9alise sur mesure des \u00e9l\u00e9ments de design. Les r\u00e9alisations sont diverses en terme de forme, de mati\u00e8res, de finition et de couleurs.","robots":{"index":"index","follow":"follow","max-snippet":"max-snippet:-1","max-image-preview":"max-image-preview:large","max-video-preview":"max-video-preview:-1"},"canonical":"https:\/\/www.timinox.com\/tim-inox-accueil\/elements-de-design\/","og_locale":"fr_FR","og_type":"article","og_title":"Design - TIM INOX","og_description":"TIM INOX r\u00e9alise sur mesure des \u00e9l\u00e9ments de design. Les r\u00e9alisations sont diverses en terme de forme, de mati\u00e8res, de finition et de couleurs.","og_url":"https:\/\/www.timinox.com\/tim-inox-accueil\/elements-de-design\/","og_site_name":"TIM INOX","article_modified_time":"2021-10-07T11:55:43+00:00","og_image":[{"url":"https:\/\/www.timinox.com\/wp-content\/uploads\/2019\/05\/brise.soleil2.compresse.recadre.1024x1024-300x300.jpg","type":"","width":"","height":""}],"twitter_card":"summary_large_image","twitter_misc":{"Dur\u00e9e de lecture estim\u00e9e":"7 minutes"},"schema":{"@context":"https:\/\/schema.org","@graph":[{"@type":"WebPage","@id":"https:\/\/www.timinox.com\/tim-inox-accueil\/elements-de-design\/","url":"https:\/\/www.timinox.com\/tim-inox-accueil\/elements-de-design\/","name":"Design - TIM INOX","isPartOf":{"@id":"https:\/\/www.timinox.com\/tim-inox-accueil\/#website"},"primaryImageOfPage":{"@id":"https:\/\/www.timinox.com\/tim-inox-accueil\/elements-de-design\/#primaryimage"},"image":{"@id":"https:\/\/www.timinox.com\/tim-inox-accueil\/elements-de-design\/#primaryimage"},"thumbnailUrl":"https:\/\/www.timinox.com\/wp-content\/uploads\/2019\/05\/brise.soleil2.compresse.recadre.1024x1024-300x300.jpg","datePublished":"2019-05-13T07:59:30+00:00","dateModified":"2021-10-07T11:55:43+00:00","description":"TIM INOX r\u00e9alise sur mesure des \u00e9l\u00e9ments de design. Les r\u00e9alisations sont diverses en terme de forme, de mati\u00e8res, de finition et de couleurs.","breadcrumb":{"@id":"https:\/\/www.timinox.com\/tim-inox-accueil\/elements-de-design\/#breadcrumb"},"inLanguage":"fr-FR","potentialAction":[{"@type":"ReadAction","target":["https:\/\/www.timinox.com\/tim-inox-accueil\/elements-de-design\/"]}]},{"@type":"ImageObject","inLanguage":"fr-FR","@id":"https:\/\/www.timinox.com\/tim-inox-accueil\/elements-de-design\/#primaryimage","url":"https:\/\/www.timinox.com\/wp-content\/uploads\/2019\/05\/brise.soleil2.compresse.recadre.1024x1024-300x300.jpg","contentUrl":"https:\/\/www.timinox.com\/wp-content\/uploads\/2019\/05\/brise.soleil2.compresse.recadre.1024x1024-300x300.jpg"},{"@type":"BreadcrumbList","@id":"https:\/\/www.timinox.com\/tim-inox-accueil\/elements-de-design\/#breadcrumb","itemListElement":[{"@type":"ListItem","position":1,"name":"Accueil","item":"https:\/\/www.timinox.com\/tim-inox-accueil\/"},{"@type":"ListItem","position":2,"name":"Design"}]},{"@type":"WebSite","@id":"https:\/\/www.timinox.com\/tim-inox-accueil\/#website","url":"https:\/\/www.timinox.com\/tim-inox-accueil\/","name":"TIM INOX","description":"Ce qui se con\u00e7oit bien, se soude facilement","potentialAction":[{"@type":"SearchAction","target":{"@type":"EntryPoint","urlTemplate":"https:\/\/www.timinox.com\/tim-inox-accueil\/?s={search_term_string}"},"query-input":{"@type":"PropertyValueSpecification","valueRequired":true,"valueName":"search_term_string"}}],"inLanguage":"fr-FR"}]}},"_links":{"self":[{"href":"https:\/\/www.timinox.com\/tim-inox-accueil\/wp-json\/wp\/v2\/pages\/145","targetHints":{"allow":["GET"]}}],"collection":[{"href":"https:\/\/www.timinox.com\/tim-inox-accueil\/wp-json\/wp\/v2\/pages"}],"about":[{"href":"https:\/\/www.timinox.com\/tim-inox-accueil\/wp-json\/wp\/v2\/types\/page"}],"author":[{"embeddable":true,"href":"https:\/\/www.timinox.com\/tim-inox-accueil\/wp-json\/wp\/v2\/users\/1"}],"replies":[{"embeddable":true,"href":"https:\/\/www.timinox.com\/tim-inox-accueil\/wp-json\/wp\/v2\/comments?post=145"}],"version-history":[{"count":86,"href":"https:\/\/www.timinox.com\/tim-inox-accueil\/wp-json\/wp\/v2\/pages\/145\/revisions"}],"predecessor-version":[{"id":2042,"href":"https:\/\/www.timinox.com\/tim-inox-accueil\/wp-json\/wp\/v2\/pages\/145\/revisions\/2042"}],"wp:attachment":[{"href":"https:\/\/www.timinox.com\/tim-inox-accueil\/wp-json\/wp\/v2\/media?parent=145"}],"curies":[{"name":"wp","href":"https:\/\/api.w.org\/{rel}","templated":true}]}}