{"id":129,"date":"2019-05-13T08:51:13","date_gmt":"2019-05-13T06:51:13","guid":{"rendered":"https:\/\/www.timinox.com\/?page_id=129"},"modified":"2022-01-20T11:14:43","modified_gmt":"2022-01-20T10:14:43","slug":"a-propos","status":"publish","type":"page","link":"https:\/\/www.timinox.com\/tim-inox-accueil\/a-propos\/","title":{"rendered":"A propos"},"content":{"rendered":"\t\t<div data-elementor-type=\"wp-post\" data-elementor-id=\"129\" class=\"elementor elementor-129\">\n\t\t\t\t\t\t<section class=\"elementor-section elementor-top-section elementor-element elementor-element-d576456 elementor-section-boxed elementor-section-height-default elementor-section-height-default\" data-id=\"d576456\" data-element_type=\"section\" data-e-type=\"section\">\n\t\t\t\t\t\t<div class=\"elementor-container elementor-column-gap-default\">\n\t\t\t\t\t<div class=\"elementor-column elementor-col-100 elementor-top-column elementor-element elementor-element-7556d54\" data-id=\"7556d54\" data-element_type=\"column\" data-e-type=\"column\">\n\t\t\t<div class=\"elementor-widget-wrap elementor-element-populated\">\n\t\t\t\t\t\t<div class=\"elementor-element elementor-element-4ba385d elementor-widget elementor-widget-heading\" data-id=\"4ba385d\" data-element_type=\"widget\" data-e-type=\"widget\" data-widget_type=\"heading.default\">\n\t\t\t\t<div class=\"elementor-widget-container\">\n\t\t\t\t\t<h1 class=\"elementor-heading-title elementor-size-default\">A propos de TIM INOX<\/h1>\t\t\t\t<\/div>\n\t\t\t\t<\/div>\n\t\t\t\t\t<\/div>\n\t\t<\/div>\n\t\t\t\t\t<\/div>\n\t\t<\/section>\n\t\t\t\t<section class=\"elementor-section elementor-top-section elementor-element elementor-element-e0255b8 elementor-section-boxed elementor-section-height-default elementor-section-height-default\" data-id=\"e0255b8\" data-element_type=\"section\" data-e-type=\"section\">\n\t\t\t\t\t\t<div class=\"elementor-container elementor-column-gap-default\">\n\t\t\t\t\t<div class=\"elementor-column elementor-col-100 elementor-top-column elementor-element elementor-element-1c2ca05\" data-id=\"1c2ca05\" data-element_type=\"column\" data-e-type=\"column\">\n\t\t\t<div class=\"elementor-widget-wrap elementor-element-populated\">\n\t\t\t\t\t\t<div class=\"elementor-element elementor-element-ce7c5c6 elementor-widget elementor-widget-spacer\" data-id=\"ce7c5c6\" data-element_type=\"widget\" data-e-type=\"widget\" data-widget_type=\"spacer.default\">\n\t\t\t\t<div class=\"elementor-widget-container\">\n\t\t\t\t\t\t\t<div class=\"elementor-spacer\">\n\t\t\t<div class=\"elementor-spacer-inner\"><\/div>\n\t\t<\/div>\n\t\t\t\t\t\t<\/div>\n\t\t\t\t<\/div>\n\t\t\t\t\t<\/div>\n\t\t<\/div>\n\t\t\t\t\t<\/div>\n\t\t<\/section>\n\t\t\t\t<section class=\"elementor-section elementor-top-section elementor-element elementor-element-53d8d6b elementor-section-full_width elementor-section-stretched elementor-section-height-default elementor-section-height-default\" data-id=\"53d8d6b\" data-element_type=\"section\" data-e-type=\"section\" data-settings=\"{&quot;stretch_section&quot;:&quot;section-stretched&quot;,&quot;background_background&quot;:&quot;classic&quot;,&quot;shape_divider_top&quot;:&quot;arrow&quot;}\">\n\t\t\t\t\t<div class=\"elementor-shape elementor-shape-top\" aria-hidden=\"true\" data-negative=\"false\">\n\t\t\t<svg xmlns=\"http:\/\/www.w3.org\/2000\/svg\" viewBox=\"0 0 700 10\" preserveAspectRatio=\"none\">\n\t<path class=\"elementor-shape-fill\" d=\"M350,10L340,0h20L350,10z\"\/>\n<\/svg>\t\t<\/div>\n\t\t\t\t\t<div class=\"elementor-container elementor-column-gap-default\">\n\t\t\t\t\t<div class=\"elementor-column elementor-col-100 elementor-top-column elementor-element elementor-element-b091daf\" data-id=\"b091daf\" data-element_type=\"column\" data-e-type=\"column\">\n\t\t\t<div class=\"elementor-widget-wrap elementor-element-populated\">\n\t\t\t\t\t\t<div class=\"elementor-element elementor-element-b4fea6a elementor-widget elementor-widget-spacer\" data-id=\"b4fea6a\" data-element_type=\"widget\" data-e-type=\"widget\" data-widget_type=\"spacer.default\">\n\t\t\t\t<div class=\"elementor-widget-container\">\n\t\t\t\t\t\t\t<div class=\"elementor-spacer\">\n\t\t\t<div class=\"elementor-spacer-inner\"><\/div>\n\t\t<\/div>\n\t\t\t\t\t\t<\/div>\n\t\t\t\t<\/div>\n\t\t\t\t\t<\/div>\n\t\t<\/div>\n\t\t\t\t\t<\/div>\n\t\t<\/section>\n\t\t\t\t<section class=\"elementor-section elementor-top-section elementor-element elementor-element-cf4fa3f elementor-section-stretched elementor-section-boxed elementor-section-height-default elementor-section-height-default\" data-id=\"cf4fa3f\" data-element_type=\"section\" data-e-type=\"section\" data-settings=\"{&quot;stretch_section&quot;:&quot;section-stretched&quot;,&quot;background_background&quot;:&quot;classic&quot;}\">\n\t\t\t\t\t\t<div class=\"elementor-container elementor-column-gap-default\">\n\t\t\t\t\t<div class=\"elementor-column elementor-col-50 elementor-top-column elementor-element elementor-element-1ec0d39\" data-id=\"1ec0d39\" data-element_type=\"column\" data-e-type=\"column\">\n\t\t\t<div class=\"elementor-widget-wrap elementor-element-populated\">\n\t\t\t\t\t\t<div class=\"elementor-element elementor-element-cdb1ae5 elementor-widget elementor-widget-text-editor\" data-id=\"cdb1ae5\" data-element_type=\"widget\" data-e-type=\"widget\" data-widget_type=\"text-editor.default\">\n\t\t\t\t<div class=\"elementor-widget-container\">\n\t\t\t\t\t\t\t\t\t<h2 style=\"text-align: justify;\">Qui sommes-nous?<\/h2>\n<p style=\"text-align: justify;\"><span style=\"font-family: georgia, palatino, serif;\"><span style=\"font-family: arial, helvetica, sans-serif;\">J\u00e9r\u00e9my MOREL et J\u00e9r\u00f4me DEVES ont cr\u00e9\u00e9 la soci\u00e9t\u00e9 TIM INOX en 2014. Forts de leur compl\u00e9mentarit\u00e9&nbsp; et de leurs connaissances du m\u00e9tier, ils ont su d\u00e9velopper rapidement la soci\u00e9t\u00e9. Aujourd&rsquo;hui l&rsquo;effectif est de 22 personnes r\u00e9parties sur diff\u00e9rents services :<\/span><\/span><\/p>\n<ul style=\"list-style-type: disc;\">\n<li style=\"text-align: justify;\"><span style=\"font-family: arial, helvetica, sans-serif;\">Service administratif<\/span><\/li>\n<li style=\"text-align: justify;\"><span style=\"font-family: arial, helvetica, sans-serif;\">Bureau d&rsquo;\u00e9tudes<\/span><\/li>\n<li style=\"text-align: justify;\"><span style=\"font-family: arial, helvetica, sans-serif;\">Service commercial<\/span><\/li>\n<li style=\"text-align: justify;\"><span style=\"font-family: arial, helvetica, sans-serif;\">Atelier de fabrication<\/span><\/li>\n<li style=\"text-align: justify;\"><span style=\"font-family: arial, helvetica, sans-serif;\">Montage sur site<\/span><\/li>\n<\/ul>\n<div style=\"text-align: justify;\">\n<p><span style=\"font-family: arial, helvetica, sans-serif;\">L&rsquo;effectif comprend \u00e9galement&nbsp; :<\/span><\/p>\n<ul style=\"text-align: start;\">\n<li style=\"text-align: justify;\"><span style=\"font-family: arial, helvetica, sans-serif;\">4 personnes avec la formation CATEC<\/span><\/li>\n<li style=\"text-align: justify;\"><span style=\"font-family: arial, helvetica, sans-serif;\">7 personnes avec la formation SST<\/span><\/li>\n<li style=\"text-align: justify;\"><span style=\"font-family: arial, helvetica, sans-serif;\">1 personne avec la formation CORDISTE<\/span><\/li>\n<\/ul>\n<\/div>\t\t\t\t\t\t\t\t<\/div>\n\t\t\t\t<\/div>\n\t\t\t\t\t<\/div>\n\t\t<\/div>\n\t\t\t\t<div class=\"elementor-column elementor-col-50 elementor-top-column elementor-element elementor-element-28974c9\" data-id=\"28974c9\" data-element_type=\"column\" data-e-type=\"column\">\n\t\t\t<div class=\"elementor-widget-wrap elementor-element-populated\">\n\t\t\t\t\t\t<div class=\"elementor-element elementor-element-582616b elementor-widget elementor-widget-image\" data-id=\"582616b\" data-element_type=\"widget\" data-e-type=\"widget\" data-widget_type=\"image.default\">\n\t\t\t\t<div class=\"elementor-widget-container\">\n\t\t\t\t\t\t\t\t\t\t\t\t\t\t\t<img fetchpriority=\"high\" decoding=\"async\" width=\"1024\" height=\"768\" src=\"https:\/\/www.timinox.com\/wp-content\/uploads\/2021\/04\/TIM-INOX-1024x768.jpg\" class=\"attachment-large size-large wp-image-1809\" alt=\"\" srcset=\"https:\/\/www.timinox.com\/wp-content\/uploads\/2021\/04\/TIM-INOX-1024x768.jpg 1024w, https:\/\/www.timinox.com\/wp-content\/uploads\/2021\/04\/TIM-INOX-300x225.jpg 300w, https:\/\/www.timinox.com\/wp-content\/uploads\/2021\/04\/TIM-INOX-768x576.jpg 768w, https:\/\/www.timinox.com\/wp-content\/uploads\/2021\/04\/TIM-INOX-1536x1152.jpg 1536w, https:\/\/www.timinox.com\/wp-content\/uploads\/2021\/04\/TIM-INOX-2048x1536.jpg 2048w, https:\/\/www.timinox.com\/wp-content\/uploads\/2021\/04\/TIM-INOX-830x623.jpg 830w, https:\/\/www.timinox.com\/wp-content\/uploads\/2021\/04\/TIM-INOX-230x173.jpg 230w, https:\/\/www.timinox.com\/wp-content\/uploads\/2021\/04\/TIM-INOX-350x263.jpg 350w, https:\/\/www.timinox.com\/wp-content\/uploads\/2021\/04\/TIM-INOX-480x360.jpg 480w\" sizes=\"(max-width: 1024px) 100vw, 1024px\" \/>\t\t\t\t\t\t\t\t\t\t\t\t\t\t\t<\/div>\n\t\t\t\t<\/div>\n\t\t\t\t\t<\/div>\n\t\t<\/div>\n\t\t\t\t\t<\/div>\n\t\t<\/section>\n\t\t\t\t<section class=\"elementor-section elementor-top-section elementor-element elementor-element-3ef0367 elementor-section-full_width elementor-section-stretched elementor-section-height-default elementor-section-height-default\" data-id=\"3ef0367\" data-element_type=\"section\" data-e-type=\"section\" data-settings=\"{&quot;stretch_section&quot;:&quot;section-stretched&quot;,&quot;shape_divider_top&quot;:&quot;arrow&quot;}\">\n\t\t\t\t\t<div class=\"elementor-shape elementor-shape-top\" aria-hidden=\"true\" data-negative=\"false\">\n\t\t\t<svg xmlns=\"http:\/\/www.w3.org\/2000\/svg\" viewBox=\"0 0 700 10\" preserveAspectRatio=\"none\">\n\t<path class=\"elementor-shape-fill\" d=\"M350,10L340,0h20L350,10z\"\/>\n<\/svg>\t\t<\/div>\n\t\t\t\t\t<div class=\"elementor-container elementor-column-gap-default\">\n\t\t\t\t\t<div class=\"elementor-column elementor-col-100 elementor-top-column elementor-element elementor-element-fb45f4e\" data-id=\"fb45f4e\" data-element_type=\"column\" data-e-type=\"column\">\n\t\t\t<div class=\"elementor-widget-wrap elementor-element-populated\">\n\t\t\t\t\t\t<div class=\"elementor-element elementor-element-44912b0 elementor-widget elementor-widget-spacer\" data-id=\"44912b0\" data-element_type=\"widget\" data-e-type=\"widget\" data-widget_type=\"spacer.default\">\n\t\t\t\t<div class=\"elementor-widget-container\">\n\t\t\t\t\t\t\t<div class=\"elementor-spacer\">\n\t\t\t<div class=\"elementor-spacer-inner\"><\/div>\n\t\t<\/div>\n\t\t\t\t\t\t<\/div>\n\t\t\t\t<\/div>\n\t\t\t\t\t<\/div>\n\t\t<\/div>\n\t\t\t\t\t<\/div>\n\t\t<\/section>\n\t\t\t\t<section class=\"elementor-section elementor-top-section elementor-element elementor-element-e180d5e elementor-section-boxed elementor-section-height-default elementor-section-height-default\" data-id=\"e180d5e\" data-element_type=\"section\" data-e-type=\"section\">\n\t\t\t\t\t\t<div class=\"elementor-container elementor-column-gap-default\">\n\t\t\t\t\t<div class=\"elementor-column elementor-col-100 elementor-top-column elementor-element elementor-element-7e58881\" data-id=\"7e58881\" data-element_type=\"column\" data-e-type=\"column\">\n\t\t\t<div class=\"elementor-widget-wrap elementor-element-populated\">\n\t\t\t\t\t\t<div class=\"elementor-element elementor-element-8066595 elementor-widget elementor-widget-image\" data-id=\"8066595\" data-element_type=\"widget\" data-e-type=\"widget\" data-widget_type=\"image.default\">\n\t\t\t\t<div class=\"elementor-widget-container\">\n\t\t\t\t\t\t\t\t\t\t\t\t\t\t\t<img decoding=\"async\" width=\"1024\" height=\"681\" src=\"https:\/\/www.timinox.com\/wp-content\/uploads\/2022\/01\/Poids-2020-2021-1024x681.png\" class=\"attachment-large size-large wp-image-2142\" alt=\"\" srcset=\"https:\/\/www.timinox.com\/wp-content\/uploads\/2022\/01\/Poids-2020-2021-1024x681.png 1024w, https:\/\/www.timinox.com\/wp-content\/uploads\/2022\/01\/Poids-2020-2021-300x200.png 300w, https:\/\/www.timinox.com\/wp-content\/uploads\/2022\/01\/Poids-2020-2021-768x511.png 768w, https:\/\/www.timinox.com\/wp-content\/uploads\/2022\/01\/Poids-2020-2021-920x612.png 920w, https:\/\/www.timinox.com\/wp-content\/uploads\/2022\/01\/Poids-2020-2021-230x153.png 230w, https:\/\/www.timinox.com\/wp-content\/uploads\/2022\/01\/Poids-2020-2021-350x233.png 350w, https:\/\/www.timinox.com\/wp-content\/uploads\/2022\/01\/Poids-2020-2021-480x319.png 480w, https:\/\/www.timinox.com\/wp-content\/uploads\/2022\/01\/Poids-2020-2021.png 1219w\" sizes=\"(max-width: 1024px) 100vw, 1024px\" \/>\t\t\t\t\t\t\t\t\t\t\t\t\t\t\t<\/div>\n\t\t\t\t<\/div>\n\t\t\t\t\t<\/div>\n\t\t<\/div>\n\t\t\t\t\t<\/div>\n\t\t<\/section>\n\t\t\t\t<\/div>\n\t\t","protected":false},"excerpt":{"rendered":"<p>A propos de TIM INOX Qui sommes-nous? J\u00e9r\u00e9my MOREL et J\u00e9r\u00f4me DEVES ont cr\u00e9\u00e9 la soci\u00e9t\u00e9 TIM INOX en 2014. Forts de [&hellip;]<\/p>\n","protected":false},"author":1,"featured_media":0,"parent":0,"menu_order":0,"comment_status":"closed","ping_status":"closed","template":"elementor_header_footer","meta":{"_exactmetrics_skip_tracking":false,"_exactmetrics_sitenote_active":false,"_exactmetrics_sitenote_note":"","_exactmetrics_sitenote_category":0,"footnotes":""},"class_list":["post-129","page","type-page","status-publish","hentry"],"yoast_head":"<!-- This site is optimized with the Yoast SEO plugin v27.1.1 - https:\/\/yoast.com\/product\/yoast-seo-wordpress\/ -->\n<title>A propos - TIM INOX<\/title>\n<meta name=\"description\" content=\"J\u00e9r\u00e9my MOREL et J\u00e9r\u00f4me DEVES ont cr\u00e9\u00e9 la soci\u00e9t\u00e9 TIM INOX en 2014. Forts de leur compl\u00e9mentarit\u00e9 et de leur connaissance du m\u00e9tier, ils ont su d\u00e9velopper...\" \/>\n<meta name=\"robots\" content=\"index, follow, max-snippet:-1, max-image-preview:large, max-video-preview:-1\" \/>\n<link rel=\"canonical\" href=\"https:\/\/www.timinox.com\/tim-inox-accueil\/a-propos\/\" \/>\n<meta property=\"og:locale\" content=\"fr_FR\" \/>\n<meta property=\"og:type\" content=\"article\" \/>\n<meta property=\"og:title\" content=\"A propos - TIM INOX\" \/>\n<meta property=\"og:description\" content=\"J\u00e9r\u00e9my MOREL et J\u00e9r\u00f4me DEVES ont cr\u00e9\u00e9 la soci\u00e9t\u00e9 TIM INOX en 2014. Forts de leur compl\u00e9mentarit\u00e9 et de leur connaissance du m\u00e9tier, ils ont su d\u00e9velopper...\" \/>\n<meta property=\"og:url\" content=\"https:\/\/www.timinox.com\/tim-inox-accueil\/a-propos\/\" \/>\n<meta property=\"og:site_name\" content=\"TIM INOX\" \/>\n<meta property=\"article:modified_time\" content=\"2022-01-20T10:14:43+00:00\" \/>\n<meta property=\"og:image\" content=\"https:\/\/www.timinox.com\/wp-content\/uploads\/2021\/04\/TIM-INOX-1024x768.jpg\" \/>\n<meta name=\"twitter:card\" content=\"summary_large_image\" \/>\n<meta name=\"twitter:label1\" content=\"Dur\u00e9e de lecture estim\u00e9e\" \/>\n\t<meta name=\"twitter:data1\" content=\"1 minute\" \/>\n<script type=\"application\/ld+json\" class=\"yoast-schema-graph\">{\"@context\":\"https:\/\/schema.org\",\"@graph\":[{\"@type\":\"WebPage\",\"@id\":\"https:\/\/www.timinox.com\/tim-inox-accueil\/a-propos\/\",\"url\":\"https:\/\/www.timinox.com\/tim-inox-accueil\/a-propos\/\",\"name\":\"A propos - TIM INOX\",\"isPartOf\":{\"@id\":\"https:\/\/www.timinox.com\/tim-inox-accueil\/#website\"},\"primaryImageOfPage\":{\"@id\":\"https:\/\/www.timinox.com\/tim-inox-accueil\/a-propos\/#primaryimage\"},\"image\":{\"@id\":\"https:\/\/www.timinox.com\/tim-inox-accueil\/a-propos\/#primaryimage\"},\"thumbnailUrl\":\"https:\/\/www.timinox.com\/wp-content\/uploads\/2021\/04\/TIM-INOX-1024x768.jpg\",\"datePublished\":\"2019-05-13T06:51:13+00:00\",\"dateModified\":\"2022-01-20T10:14:43+00:00\",\"description\":\"J\u00e9r\u00e9my MOREL et J\u00e9r\u00f4me DEVES ont cr\u00e9\u00e9 la soci\u00e9t\u00e9 TIM INOX en 2014. Forts de leur compl\u00e9mentarit\u00e9 et de leur connaissance du m\u00e9tier, ils ont su d\u00e9velopper...\",\"breadcrumb\":{\"@id\":\"https:\/\/www.timinox.com\/tim-inox-accueil\/a-propos\/#breadcrumb\"},\"inLanguage\":\"fr-FR\",\"potentialAction\":[{\"@type\":\"ReadAction\",\"target\":[\"https:\/\/www.timinox.com\/tim-inox-accueil\/a-propos\/\"]}]},{\"@type\":\"ImageObject\",\"inLanguage\":\"fr-FR\",\"@id\":\"https:\/\/www.timinox.com\/tim-inox-accueil\/a-propos\/#primaryimage\",\"url\":\"https:\/\/www.timinox.com\/wp-content\/uploads\/2021\/04\/TIM-INOX-1024x768.jpg\",\"contentUrl\":\"https:\/\/www.timinox.com\/wp-content\/uploads\/2021\/04\/TIM-INOX-1024x768.jpg\"},{\"@type\":\"BreadcrumbList\",\"@id\":\"https:\/\/www.timinox.com\/tim-inox-accueil\/a-propos\/#breadcrumb\",\"itemListElement\":[{\"@type\":\"ListItem\",\"position\":1,\"name\":\"Accueil\",\"item\":\"https:\/\/www.timinox.com\/tim-inox-accueil\/\"},{\"@type\":\"ListItem\",\"position\":2,\"name\":\"A propos\"}]},{\"@type\":\"WebSite\",\"@id\":\"https:\/\/www.timinox.com\/tim-inox-accueil\/#website\",\"url\":\"https:\/\/www.timinox.com\/tim-inox-accueil\/\",\"name\":\"TIM INOX\",\"description\":\"Ce qui se con\u00e7oit bien, se soude facilement\",\"potentialAction\":[{\"@type\":\"SearchAction\",\"target\":{\"@type\":\"EntryPoint\",\"urlTemplate\":\"https:\/\/www.timinox.com\/tim-inox-accueil\/?s={search_term_string}\"},\"query-input\":{\"@type\":\"PropertyValueSpecification\",\"valueRequired\":true,\"valueName\":\"search_term_string\"}}],\"inLanguage\":\"fr-FR\"}]}<\/script>\n<!-- \/ Yoast SEO plugin. -->","yoast_head_json":{"title":"A propos - TIM INOX","description":"J\u00e9r\u00e9my MOREL et J\u00e9r\u00f4me DEVES ont cr\u00e9\u00e9 la soci\u00e9t\u00e9 TIM INOX en 2014. Forts de leur compl\u00e9mentarit\u00e9 et de leur connaissance du m\u00e9tier, ils ont su d\u00e9velopper...","robots":{"index":"index","follow":"follow","max-snippet":"max-snippet:-1","max-image-preview":"max-image-preview:large","max-video-preview":"max-video-preview:-1"},"canonical":"https:\/\/www.timinox.com\/tim-inox-accueil\/a-propos\/","og_locale":"fr_FR","og_type":"article","og_title":"A propos - TIM INOX","og_description":"J\u00e9r\u00e9my MOREL et J\u00e9r\u00f4me DEVES ont cr\u00e9\u00e9 la soci\u00e9t\u00e9 TIM INOX en 2014. Forts de leur compl\u00e9mentarit\u00e9 et de leur connaissance du m\u00e9tier, ils ont su d\u00e9velopper...","og_url":"https:\/\/www.timinox.com\/tim-inox-accueil\/a-propos\/","og_site_name":"TIM INOX","article_modified_time":"2022-01-20T10:14:43+00:00","og_image":[{"url":"https:\/\/www.timinox.com\/wp-content\/uploads\/2021\/04\/TIM-INOX-1024x768.jpg","type":"","width":"","height":""}],"twitter_card":"summary_large_image","twitter_misc":{"Dur\u00e9e de lecture estim\u00e9e":"1 minute"},"schema":{"@context":"https:\/\/schema.org","@graph":[{"@type":"WebPage","@id":"https:\/\/www.timinox.com\/tim-inox-accueil\/a-propos\/","url":"https:\/\/www.timinox.com\/tim-inox-accueil\/a-propos\/","name":"A propos - TIM INOX","isPartOf":{"@id":"https:\/\/www.timinox.com\/tim-inox-accueil\/#website"},"primaryImageOfPage":{"@id":"https:\/\/www.timinox.com\/tim-inox-accueil\/a-propos\/#primaryimage"},"image":{"@id":"https:\/\/www.timinox.com\/tim-inox-accueil\/a-propos\/#primaryimage"},"thumbnailUrl":"https:\/\/www.timinox.com\/wp-content\/uploads\/2021\/04\/TIM-INOX-1024x768.jpg","datePublished":"2019-05-13T06:51:13+00:00","dateModified":"2022-01-20T10:14:43+00:00","description":"J\u00e9r\u00e9my MOREL et J\u00e9r\u00f4me DEVES ont cr\u00e9\u00e9 la soci\u00e9t\u00e9 TIM INOX en 2014. Forts de leur compl\u00e9mentarit\u00e9 et de leur connaissance du m\u00e9tier, ils ont su d\u00e9velopper...","breadcrumb":{"@id":"https:\/\/www.timinox.com\/tim-inox-accueil\/a-propos\/#breadcrumb"},"inLanguage":"fr-FR","potentialAction":[{"@type":"ReadAction","target":["https:\/\/www.timinox.com\/tim-inox-accueil\/a-propos\/"]}]},{"@type":"ImageObject","inLanguage":"fr-FR","@id":"https:\/\/www.timinox.com\/tim-inox-accueil\/a-propos\/#primaryimage","url":"https:\/\/www.timinox.com\/wp-content\/uploads\/2021\/04\/TIM-INOX-1024x768.jpg","contentUrl":"https:\/\/www.timinox.com\/wp-content\/uploads\/2021\/04\/TIM-INOX-1024x768.jpg"},{"@type":"BreadcrumbList","@id":"https:\/\/www.timinox.com\/tim-inox-accueil\/a-propos\/#breadcrumb","itemListElement":[{"@type":"ListItem","position":1,"name":"Accueil","item":"https:\/\/www.timinox.com\/tim-inox-accueil\/"},{"@type":"ListItem","position":2,"name":"A propos"}]},{"@type":"WebSite","@id":"https:\/\/www.timinox.com\/tim-inox-accueil\/#website","url":"https:\/\/www.timinox.com\/tim-inox-accueil\/","name":"TIM INOX","description":"Ce qui se con\u00e7oit bien, se soude facilement","potentialAction":[{"@type":"SearchAction","target":{"@type":"EntryPoint","urlTemplate":"https:\/\/www.timinox.com\/tim-inox-accueil\/?s={search_term_string}"},"query-input":{"@type":"PropertyValueSpecification","valueRequired":true,"valueName":"search_term_string"}}],"inLanguage":"fr-FR"}]}},"_links":{"self":[{"href":"https:\/\/www.timinox.com\/tim-inox-accueil\/wp-json\/wp\/v2\/pages\/129","targetHints":{"allow":["GET"]}}],"collection":[{"href":"https:\/\/www.timinox.com\/tim-inox-accueil\/wp-json\/wp\/v2\/pages"}],"about":[{"href":"https:\/\/www.timinox.com\/tim-inox-accueil\/wp-json\/wp\/v2\/types\/page"}],"author":[{"embeddable":true,"href":"https:\/\/www.timinox.com\/tim-inox-accueil\/wp-json\/wp\/v2\/users\/1"}],"replies":[{"embeddable":true,"href":"https:\/\/www.timinox.com\/tim-inox-accueil\/wp-json\/wp\/v2\/comments?post=129"}],"version-history":[{"count":40,"href":"https:\/\/www.timinox.com\/tim-inox-accueil\/wp-json\/wp\/v2\/pages\/129\/revisions"}],"predecessor-version":[{"id":2145,"href":"https:\/\/www.timinox.com\/tim-inox-accueil\/wp-json\/wp\/v2\/pages\/129\/revisions\/2145"}],"wp:attachment":[{"href":"https:\/\/www.timinox.com\/tim-inox-accueil\/wp-json\/wp\/v2\/media?parent=129"}],"curies":[{"name":"wp","href":"https:\/\/api.w.org\/{rel}","templated":true}]}}